{"id":1742,"date":"2021-03-15T10:21:34","date_gmt":"2021-03-15T10:21:34","guid":{"rendered":"https:\/\/www.acuipharma.com\/?page_id=1742"},"modified":"2021-03-17T16:37:16","modified_gmt":"2021-03-17T16:37:16","slug":"preguntas-frecuentes","status":"publish","type":"page","link":"https:\/\/www.acuipharma.com\/es\/preguntas-frecuentes\/","title":{"rendered":"Preguntas frecuentes"},"content":{"rendered":"\t\t<div data-elementor-type=\"wp-page\" data-elementor-id=\"1742\" class=\"elementor elementor-1742\" data-elementor-post-type=\"page\">\n\t\t\t\t\t\t<section class=\"elementor-section elementor-top-section elementor-element elementor-element-a6c895f elementor-section-content-bottom elementor-section-height-min-height elementor-section-boxed elementor-section-height-default elementor-section-items-middle\" data-id=\"a6c895f\" data-element_type=\"section\" data-settings=\"{&quot;background_background&quot;:&quot;classic&quot;,&quot;background_motion_fx_motion_fx_scrolling&quot;:&quot;yes&quot;,&quot;background_motion_fx_translateY_effect&quot;:&quot;yes&quot;,&quot;shape_divider_bottom&quot;:&quot;mountains&quot;,&quot;background_motion_fx_translateY_speed&quot;:{&quot;unit&quot;:&quot;px&quot;,&quot;size&quot;:4,&quot;sizes&quot;:[]},&quot;background_motion_fx_translateY_affectedRange&quot;:{&quot;unit&quot;:&quot;%&quot;,&quot;size&quot;:&quot;&quot;,&quot;sizes&quot;:{&quot;start&quot;:0,&quot;end&quot;:100}},&quot;background_motion_fx_devices&quot;:[&quot;desktop&quot;,&quot;tablet&quot;,&quot;mobile&quot;]}\">\n\t\t\t\t\t\t\t<div class=\"elementor-background-overlay\"><\/div>\n\t\t\t\t\t\t<div class=\"elementor-shape elementor-shape-bottom\" data-negative=\"false\">\n\t\t\t<svg xmlns=\"http:\/\/www.w3.org\/2000\/svg\" viewBox=\"0 0 1000 100\" preserveAspectRatio=\"none\">\n\t<path class=\"elementor-shape-fill\" opacity=\"0.33\" d=\"M473,67.3c-203.9,88.3-263.1-34-320.3,0C66,119.1,0,59.7,0,59.7V0h1000v59.7 c0,0-62.1,26.1-94.9,29.3c-32.8,3.3-62.8-12.3-75.8-22.1C806,49.6,745.3,8.7,694.9,4.7S492.4,59,473,67.3z\"\/>\n\t<path class=\"elementor-shape-fill\" opacity=\"0.66\" d=\"M734,67.3c-45.5,0-77.2-23.2-129.1-39.1c-28.6-8.7-150.3-10.1-254,39.1 s-91.7-34.4-149.2,0C115.7,118.3,0,39.8,0,39.8V0h1000v36.5c0,0-28.2-18.5-92.1-18.5C810.2,18.1,775.7,67.3,734,67.3z\"\/>\n\t<path class=\"elementor-shape-fill\" d=\"M766.1,28.9c-200-57.5-266,65.5-395.1,19.5C242,1.8,242,5.4,184.8,20.6C128,35.8,132.3,44.9,89.9,52.5C28.6,63.7,0,0,0,0 h1000c0,0-9.9,40.9-83.6,48.1S829.6,47,766.1,28.9z\"\/>\n<\/svg>\t\t<\/div>\n\t\t\t\t\t<div class=\"elementor-container elementor-column-gap-default\">\n\t\t\t\t\t<div class=\"elementor-column elementor-col-50 elementor-top-column elementor-element elementor-element-273d08e\" data-id=\"273d08e\" data-element_type=\"column\">\n\t\t\t<div class=\"elementor-widget-wrap elementor-element-populated\">\n\t\t\t\t\t\t<div class=\"elementor-element elementor-element-412a4ad elementor-widget elementor-widget-heading\" data-id=\"412a4ad\" data-element_type=\"widget\" data-widget_type=\"heading.default\">\n\t\t\t\t<div class=\"elementor-widget-container\">\n\t\t\t<h2 class=\"elementor-heading-title elementor-size-default\">Preguntas Frecuentes<\/h2>\t\t<\/div>\n\t\t\t\t<\/div>\n\t\t\t\t<div class=\"elementor-element elementor-element-e3407b9 elementor-widget elementor-widget-heading\" data-id=\"e3407b9\" data-element_type=\"widget\" data-widget_type=\"heading.default\">\n\t\t\t\t<div class=\"elementor-widget-container\">\n\t\t\t<h2 class=\"elementor-heading-title elementor-size-default\">FAQ<\/h2>\t\t<\/div>\n\t\t\t\t<\/div>\n\t\t\t\t\t<\/div>\n\t\t<\/div>\n\t\t\t\t<div class=\"elementor-column elementor-col-50 elementor-top-column elementor-element elementor-element-6d0058a\" data-id=\"6d0058a\" data-element_type=\"column\">\n\t\t\t<div class=\"elementor-widget-wrap\">\n\t\t\t\t\t\t\t<\/div>\n\t\t<\/div>\n\t\t\t\t\t<\/div>\n\t\t<\/section>\n\t\t\t\t<section class=\"elementor-section elementor-top-section elementor-element elementor-element-28eac0cd elementor-section-content-middle elementor-section-boxed elementor-section-height-default elementor-section-height-default\" data-id=\"28eac0cd\" data-element_type=\"section\">\n\t\t\t\t\t\t<div class=\"elementor-container elementor-column-gap-no\">\n\t\t\t\t\t<div class=\"elementor-column elementor-col-100 elementor-top-column elementor-element elementor-element-3f3a5554\" data-id=\"3f3a5554\" data-element_type=\"column\">\n\t\t\t<div class=\"elementor-widget-wrap elementor-element-populated\">\n\t\t\t\t\t\t<div class=\"elementor-element elementor-element-4c0a3669 elementor-widget elementor-widget-toggle\" data-id=\"4c0a3669\" data-element_type=\"widget\" data-widget_type=\"toggle.default\">\n\t\t\t\t<div class=\"elementor-widget-container\">\n\t\t\t\t\t<div class=\"elementor-toggle\">\n\t\t\t\t\t\t\t<div class=\"elementor-toggle-item\">\n\t\t\t\t\t<div id=\"elementor-tab-title-1271\" class=\"elementor-tab-title\" data-tab=\"1\" role=\"button\" aria-controls=\"elementor-tab-content-1271\" aria-expanded=\"false\">\n\t\t\t\t\t\t\t\t\t\t\t\t<span class=\"elementor-toggle-icon elementor-toggle-icon-right\" aria-hidden=\"true\">\n\t\t\t\t\t\t\t\t\t\t\t\t\t\t\t<span class=\"elementor-toggle-icon-closed\"><i class=\"fas fa-caret-right\"><\/i><\/span>\n\t\t\t\t\t\t\t\t<span class=\"elementor-toggle-icon-opened\"><i class=\"elementor-toggle-icon-opened fas fa-caret-up\"><\/i><\/span>\n\t\t\t\t\t\t\t\t\t\t\t\t\t<\/span>\n\t\t\t\t\t\t\t\t\t\t\t\t<a class=\"elementor-toggle-title\" tabindex=\"0\">\u00bfCu\u00e1nto tiempo se tarda en producir una autovacuna?<\/a>\n\t\t\t\t\t<\/div>\n\n\t\t\t\t\t<div id=\"elementor-tab-content-1271\" class=\"elementor-tab-content elementor-clearfix\" data-tab=\"1\" role=\"region\" aria-labelledby=\"elementor-tab-title-1271\"><p class=\"western\">La producci\u00f3n de autovacunas depende de la formulaci\u00f3n espec\u00edfica que requiera el cliente, dado que las diferentes bacterias tienen procesos y tiempos de crecimiento diversos.<\/p><p class=\"western\">En general, el proceso suele durar unas 5- 6 semanas en completarse.<\/p><\/div>\n\t\t\t\t<\/div>\n\t\t\t\t\t\t\t\t<\/div>\n\t\t\t\t<\/div>\n\t\t\t\t<\/div>\n\t\t\t\t<div class=\"elementor-element elementor-element-314926cf elementor-widget elementor-widget-toggle\" data-id=\"314926cf\" data-element_type=\"widget\" data-widget_type=\"toggle.default\">\n\t\t\t\t<div class=\"elementor-widget-container\">\n\t\t\t\t\t<div class=\"elementor-toggle\">\n\t\t\t\t\t\t\t<div class=\"elementor-toggle-item\">\n\t\t\t\t\t<div id=\"elementor-tab-title-8261\" class=\"elementor-tab-title\" data-tab=\"1\" role=\"button\" aria-controls=\"elementor-tab-content-8261\" aria-expanded=\"false\">\n\t\t\t\t\t\t\t\t\t\t\t\t<span class=\"elementor-toggle-icon elementor-toggle-icon-right\" aria-hidden=\"true\">\n\t\t\t\t\t\t\t\t\t\t\t\t\t\t\t<span class=\"elementor-toggle-icon-closed\"><i class=\"fas fa-caret-right\"><\/i><\/span>\n\t\t\t\t\t\t\t\t<span class=\"elementor-toggle-icon-opened\"><i class=\"elementor-toggle-icon-opened fas fa-caret-up\"><\/i><\/span>\n\t\t\t\t\t\t\t\t\t\t\t\t\t<\/span>\n\t\t\t\t\t\t\t\t\t\t\t\t<a class=\"elementor-toggle-title\" tabindex=\"0\">\u00bfCu\u00e1nto tiempo dura la inmunidad?<\/a>\n\t\t\t\t\t<\/div>\n\n\t\t\t\t\t<div id=\"elementor-tab-content-8261\" class=\"elementor-tab-content elementor-clearfix\" data-tab=\"1\" role=\"region\" aria-labelledby=\"elementor-tab-title-8261\"><p class=\"western\">Factores como la gran diversidad de sistemas acu\u00e1ticos, la variabilidad de la respuesta entre diferentes especies o entre animales de una misma especie en diferentes estadios productivos o la inmunogenicidad intr\u00ednseca de cada especie con las que se fabrican las autovacunas condicionan el resultado final.<\/p><p class=\"western\">As\u00ed, el par\u00e1metro DOI (Duration of Immunity) inherente a cada formulaci\u00f3n o proceso de vacunaci\u00f3n puede variar significativamente y es pr\u00e1cticamente imposible predecir la evoluci\u00f3n de la respuesta inmune. Existen sin embargo ciertas generalidades que pueden ayudar para el dise\u00f1o de los protocolos vacunales:<\/p><ul><li><p class=\"western\"><b>La <\/b><b>v\u00eda de administraci\u00f3n<\/b>. Las vacunas de inmersi\u00f3n generan una respuesta mayoritariamente a nivel de mucosas, menos duradera y por tanto menos efectiva que la inyecci\u00f3n intraperitoneal. A d\u00eda de hoy, tanto las formulaciones aplicadas por inmersi\u00f3n o por v\u00eda oral se consideran efectivas como refuerzo o boost vacunal.<\/p><\/li><li><p class=\"western\"><b>La formulaci\u00f3n de las vacunas<\/b>. La respuesta inmune humoral espec\u00edfica <b>se retrasa <\/b>tras la inyecci\u00f3n de una vacuna oleosa con respecto a la administraci\u00f3n de formulaciones acuosas e hidrogeles , pero una vez generada esta respuesta es <b>m\u00e1s intensa <\/b>y puede tener una durabilidad de hasta 8 meses. No obstante las formulaciones en emulsi\u00f3n generan una primera respuesta inflamatoria masiva m\u00e1s severa que las bacterinas acuosas.<\/p><\/li><li><p class=\"western\"><b>En acuicultura continental<\/b>, la respuesta primaria tras la vacunaci\u00f3n de peces naive por inyecci\u00f3n aparece a partir de la cuarta o quinta semana postvacunaci\u00f3n, dependiendo de la temperatura del agua. Esta respuesta tiene una duraci\u00f3n limitada de aproximadamente 3 meses, tras los cuales es recomendable realizar un boost vacunal. La respuesta secundaria es m\u00e1s r\u00e1pida, intensa y se puede mantener pasados los 6-8 meses post vacunaci\u00f3n.<\/p><\/li><\/ul><\/div>\n\t\t\t\t<\/div>\n\t\t\t\t\t\t\t\t<\/div>\n\t\t\t\t<\/div>\n\t\t\t\t<\/div>\n\t\t\t\t<div class=\"elementor-element elementor-element-4a6a1b93 elementor-widget elementor-widget-toggle\" data-id=\"4a6a1b93\" data-element_type=\"widget\" data-widget_type=\"toggle.default\">\n\t\t\t\t<div class=\"elementor-widget-container\">\n\t\t\t\t\t<div class=\"elementor-toggle\">\n\t\t\t\t\t\t\t<div class=\"elementor-toggle-item\">\n\t\t\t\t\t<div id=\"elementor-tab-title-1241\" class=\"elementor-tab-title\" data-tab=\"1\" role=\"button\" aria-controls=\"elementor-tab-content-1241\" aria-expanded=\"false\">\n\t\t\t\t\t\t\t\t\t\t\t\t<span class=\"elementor-toggle-icon elementor-toggle-icon-right\" aria-hidden=\"true\">\n\t\t\t\t\t\t\t\t\t\t\t\t\t\t\t<span class=\"elementor-toggle-icon-closed\"><i class=\"fas fa-caret-right\"><\/i><\/span>\n\t\t\t\t\t\t\t\t<span class=\"elementor-toggle-icon-opened\"><i class=\"elementor-toggle-icon-opened fas fa-caret-up\"><\/i><\/span>\n\t\t\t\t\t\t\t\t\t\t\t\t\t<\/span>\n\t\t\t\t\t\t\t\t\t\t\t\t<a class=\"elementor-toggle-title\" tabindex=\"0\">\u00bfEs mejor un adyuvante acuoso u oleoso?<\/a>\n\t\t\t\t\t<\/div>\n\n\t\t\t\t\t<div id=\"elementor-tab-content-1241\" class=\"elementor-tab-content elementor-clearfix\" data-tab=\"1\" role=\"region\" aria-labelledby=\"elementor-tab-title-1241\"><p class=\"western\">La elecci\u00f3n del adyuvante depende de la presi\u00f3n que exista en cada instalaci\u00f3n y de las caracter\u00edsticas del sistema productivo.<\/p><p class=\"western\">Los adyuvantes oleosos pueden contribuir al control de pat\u00f3genos end\u00e9micos en situaciones de alto riesgo y normalmente son la opci\u00f3n m\u00e1s id\u00f3nea en instalaciones con recidivas frecuentes asociadas a pat\u00f3genos que no responden a la antibioterapia. Adem\u00e1s, si el ciclo productivo es largo, la aplicaci\u00f3n de formulaciones en forma de emulsi\u00f3n puede contribuir a mantener un buen estatus sanitario durante la mayor parte del mismo.<\/p><p class=\"western\">Sin embargo, la administraci\u00f3n de emulsiones conlleva un mayor riesgo tanto para el vacunador como para el animal, pudiendo aparecer en \u00e9ste \u00faltimo efectos secundarios en forma de granulomas, adherencias, congesti\u00f3n de \u00f3rganos y micro-pigmentaciones.<\/p><p class=\"western\">Los salm\u00f3nidos son especialmente susceptibles a las formulaciones oleosas, y no se recomienda su uso en los animales reproductores de estas especies continentales.<\/p><p class=\"western\">En instalaciones con menor presi\u00f3n, con producciones a corto plazo o con especies m\u00e1s sensibles se recomienda usar un adyuvante acuoso.<\/p><\/div>\n\t\t\t\t<\/div>\n\t\t\t\t\t\t\t\t<\/div>\n\t\t\t\t<\/div>\n\t\t\t\t<\/div>\n\t\t\t\t<div class=\"elementor-element elementor-element-61c619b8 elementor-widget elementor-widget-toggle\" data-id=\"61c619b8\" data-element_type=\"widget\" data-widget_type=\"toggle.default\">\n\t\t\t\t<div class=\"elementor-widget-container\">\n\t\t\t\t\t<div class=\"elementor-toggle\">\n\t\t\t\t\t\t\t<div class=\"elementor-toggle-item\">\n\t\t\t\t\t<div id=\"elementor-tab-title-1641\" class=\"elementor-tab-title\" data-tab=\"1\" role=\"button\" aria-controls=\"elementor-tab-content-1641\" aria-expanded=\"false\">\n\t\t\t\t\t\t\t\t\t\t\t\t<span class=\"elementor-toggle-icon elementor-toggle-icon-right\" aria-hidden=\"true\">\n\t\t\t\t\t\t\t\t\t\t\t\t\t\t\t<span class=\"elementor-toggle-icon-closed\"><i class=\"fas fa-caret-right\"><\/i><\/span>\n\t\t\t\t\t\t\t\t<span class=\"elementor-toggle-icon-opened\"><i class=\"elementor-toggle-icon-opened fas fa-caret-up\"><\/i><\/span>\n\t\t\t\t\t\t\t\t\t\t\t\t\t<\/span>\n\t\t\t\t\t\t\t\t\t\t\t\t<a class=\"elementor-toggle-title\" tabindex=\"0\">\u00bfEs menor el efecto de una vacuna cuando se incrementa el n\u00famero de valencias? <\/a>\n\t\t\t\t\t<\/div>\n\n\t\t\t\t\t<div id=\"elementor-tab-content-1641\" class=\"elementor-tab-content elementor-clearfix\" data-tab=\"1\" role=\"region\" aria-labelledby=\"elementor-tab-title-1641\"><p class=\"western\">Estudios recientes muestran que la eficacia de las diferentes valencias disminuye a medida que se multiplican las valencias de una vacuna.<\/p><p class=\"western\">Por ello es importante contar con asesoramiento experto para determinar la formulaci\u00f3n adecuada en base a las necesidades de la instalaci\u00f3n, brotes anteriores y posible competencia antig\u00e9nica entre las valencias de una vacuna.<\/p><p>\u00a0<\/p><\/div>\n\t\t\t\t<\/div>\n\t\t\t\t\t\t\t\t<\/div>\n\t\t\t\t<\/div>\n\t\t\t\t<\/div>\n\t\t\t\t<div class=\"elementor-element elementor-element-4abb573 elementor-widget elementor-widget-toggle\" data-id=\"4abb573\" data-element_type=\"widget\" data-widget_type=\"toggle.default\">\n\t\t\t\t<div class=\"elementor-widget-container\">\n\t\t\t\t\t<div class=\"elementor-toggle\">\n\t\t\t\t\t\t\t<div class=\"elementor-toggle-item\">\n\t\t\t\t\t<div id=\"elementor-tab-title-7831\" class=\"elementor-tab-title\" data-tab=\"1\" role=\"button\" aria-controls=\"elementor-tab-content-7831\" aria-expanded=\"false\">\n\t\t\t\t\t\t\t\t\t\t\t\t<span class=\"elementor-toggle-icon elementor-toggle-icon-right\" aria-hidden=\"true\">\n\t\t\t\t\t\t\t\t\t\t\t\t\t\t\t<span class=\"elementor-toggle-icon-closed\"><i class=\"fas fa-caret-right\"><\/i><\/span>\n\t\t\t\t\t\t\t\t<span class=\"elementor-toggle-icon-opened\"><i class=\"elementor-toggle-icon-opened fas fa-caret-up\"><\/i><\/span>\n\t\t\t\t\t\t\t\t\t\t\t\t\t<\/span>\n\t\t\t\t\t\t\t\t\t\t\t\t<a class=\"elementor-toggle-title\" tabindex=\"0\">\u00bfCu\u00e1nto tiempo hay que esperar desde que se vacunan para transportar los peces? <\/a>\n\t\t\t\t\t<\/div>\n\n\t\t\t\t\t<div id=\"elementor-tab-content-7831\" class=\"elementor-tab-content elementor-clearfix\" data-tab=\"1\" role=\"region\" aria-labelledby=\"elementor-tab-title-7831\"><p class=\"western\">Tras el estr\u00e9s asociado al manejo y la respuesta pro-inflamatoria que genera la vacunaci\u00f3n es recomendable respetar un periodo de 350 grados\/d\u00eda antes de realizar el traslado de los animales.<\/p><p class=\"western\">Este es adem\u00e1s el per\u00edodo aproximado en el que una vacunaci\u00f3n va a generar un nivel significativo de respuesta inmune, y por tanto protecci\u00f3n, espec\u00edfica.<\/p><p class=\"western\">La espera entre vacunaciones ser\u00eda del mismo rango.<\/p><p>\u00a0<\/p><\/div>\n\t\t\t\t<\/div>\n\t\t\t\t\t\t\t\t<\/div>\n\t\t\t\t<\/div>\n\t\t\t\t<\/div>\n\t\t\t\t<div class=\"elementor-element elementor-element-7b1463b elementor-widget elementor-widget-toggle\" data-id=\"7b1463b\" data-element_type=\"widget\" data-widget_type=\"toggle.default\">\n\t\t\t\t<div class=\"elementor-widget-container\">\n\t\t\t\t\t<div class=\"elementor-toggle\">\n\t\t\t\t\t\t\t<div class=\"elementor-toggle-item\">\n\t\t\t\t\t<div id=\"elementor-tab-title-1291\" class=\"elementor-tab-title\" data-tab=\"1\" role=\"button\" aria-controls=\"elementor-tab-content-1291\" aria-expanded=\"false\">\n\t\t\t\t\t\t\t\t\t\t\t\t<span class=\"elementor-toggle-icon elementor-toggle-icon-right\" aria-hidden=\"true\">\n\t\t\t\t\t\t\t\t\t\t\t\t\t\t\t<span class=\"elementor-toggle-icon-closed\"><i class=\"fas fa-caret-right\"><\/i><\/span>\n\t\t\t\t\t\t\t\t<span class=\"elementor-toggle-icon-opened\"><i class=\"elementor-toggle-icon-opened fas fa-caret-up\"><\/i><\/span>\n\t\t\t\t\t\t\t\t\t\t\t\t\t<\/span>\n\t\t\t\t\t\t\t\t\t\t\t\t<a class=\"elementor-toggle-title\" tabindex=\"0\">\u00bfCu\u00e1l es la talla ideal de vacunaci\u00f3n? Ba\u00f1o e inyecci\u00f3n.<\/a>\n\t\t\t\t\t<\/div>\n\n\t\t\t\t\t<div id=\"elementor-tab-content-1291\" class=\"elementor-tab-content elementor-clearfix\" data-tab=\"1\" role=\"region\" aria-labelledby=\"elementor-tab-title-1291\"><p class=\"western\">A la hora de definir la talla ideal para la vacunaci\u00f3n, necesitamos entender el sistema productivo de la instalaci\u00f3n para determinar el momento \u00f3ptimo. El momento ideal para la vacunaci\u00f3n se define teniendo en cuenta el momento en el que los peces son inmuno-competentes y la \u00e9poca de riesgo de brotes.<\/p><p class=\"western\">La vacunaci\u00f3n se produce una vez el pez tiene el sistema inmune totalmente desarrollado y antes de llegar al periodo en el que suelen aparecer brotes en las instalaciones. Factores como la temperatura, los recursos acuosos o el ciclo productivo afectan la decisi\u00f3n de cuando vacunar.<\/p><\/div>\n\t\t\t\t<\/div>\n\t\t\t\t\t\t\t\t<\/div>\n\t\t\t\t<\/div>\n\t\t\t\t<\/div>\n\t\t\t\t\t<\/div>\n\t\t<\/div>\n\t\t\t\t\t<\/div>\n\t\t<\/section>\n\t\t\t\t<\/div>\n\t\t","protected":false},"excerpt":{"rendered":"<p>Preguntas Frecuentes FAQ \u00bfCu\u00e1nto tiempo se tarda en producir una autovacuna? La producci\u00f3n de autovacunas depende de la formulaci\u00f3n espec\u00edfica que requiera el cliente, dado que las diferentes bacterias tienen procesos y tiempos de crecimiento diversos. En general, el proceso suele durar unas 5- 6 semanas en completarse. \u00bfCu\u00e1nto tiempo dura la inmunidad? Factores como [&hellip;]<\/p>\n","protected":false},"author":1,"featured_media":0,"parent":0,"menu_order":0,"comment_status":"closed","ping_status":"closed","template":"","meta":{"_acf_changed":false,"footnotes":""},"class_list":["post-1742","page","type-page","status-publish","hentry"],"acf":[],"_links":{"self":[{"href":"https:\/\/www.acuipharma.com\/es\/wp-json\/wp\/v2\/pages\/1742","targetHints":{"allow":["GET"]}}],"collection":[{"href":"https:\/\/www.acuipharma.com\/es\/wp-json\/wp\/v2\/pages"}],"about":[{"href":"https:\/\/www.acuipharma.com\/es\/wp-json\/wp\/v2\/types\/page"}],"author":[{"embeddable":true,"href":"https:\/\/www.acuipharma.com\/es\/wp-json\/wp\/v2\/users\/1"}],"replies":[{"embeddable":true,"href":"https:\/\/www.acuipharma.com\/es\/wp-json\/wp\/v2\/comments?post=1742"}],"version-history":[{"count":34,"href":"https:\/\/www.acuipharma.com\/es\/wp-json\/wp\/v2\/pages\/1742\/revisions"}],"predecessor-version":[{"id":2543,"href":"https:\/\/www.acuipharma.com\/es\/wp-json\/wp\/v2\/pages\/1742\/revisions\/2543"}],"wp:attachment":[{"href":"https:\/\/www.acuipharma.com\/es\/wp-json\/wp\/v2\/media?parent=1742"}],"curies":[{"name":"wp","href":"https:\/\/api.w.org\/{rel}","templated":true}]}}