{"id":1806,"date":"2021-03-16T08:20:12","date_gmt":"2021-03-16T08:20:12","guid":{"rendered":"https:\/\/www.acuipharma.com\/?page_id=1806"},"modified":"2021-03-22T08:38:28","modified_gmt":"2021-03-22T08:38:28","slug":"fichas-tecnicas-autovacunas-marinas","status":"publish","type":"page","link":"https:\/\/www.acuipharma.com\/es\/ficha-tecnica\/fichas-tecnicas-autovacunas-marinas\/","title":{"rendered":"Fichas t\u00e9cnicas autovacunas marinas"},"content":{"rendered":"\t\t<div data-elementor-type=\"wp-page\" data-elementor-id=\"1806\" class=\"elementor elementor-1806\" data-elementor-post-type=\"page\">\n\t\t\t\t\t\t<section class=\"elementor-section elementor-top-section elementor-element elementor-element-5b78405 elementor-section-content-bottom elementor-section-height-min-height elementor-section-boxed elementor-section-height-default elementor-section-items-middle\" data-id=\"5b78405\" data-element_type=\"section\" data-settings=\"{&quot;background_background&quot;:&quot;classic&quot;,&quot;background_motion_fx_motion_fx_scrolling&quot;:&quot;yes&quot;,&quot;background_motion_fx_translateY_effect&quot;:&quot;yes&quot;,&quot;shape_divider_bottom&quot;:&quot;mountains&quot;,&quot;background_motion_fx_translateY_speed&quot;:{&quot;unit&quot;:&quot;px&quot;,&quot;size&quot;:4,&quot;sizes&quot;:[]},&quot;background_motion_fx_translateY_affectedRange&quot;:{&quot;unit&quot;:&quot;%&quot;,&quot;size&quot;:&quot;&quot;,&quot;sizes&quot;:{&quot;start&quot;:0,&quot;end&quot;:100}},&quot;background_motion_fx_devices&quot;:[&quot;desktop&quot;,&quot;tablet&quot;,&quot;mobile&quot;]}\">\n\t\t\t\t\t\t\t<div class=\"elementor-background-overlay\"><\/div>\n\t\t\t\t\t\t<div class=\"elementor-shape elementor-shape-bottom\" data-negative=\"false\">\n\t\t\t<svg xmlns=\"http:\/\/www.w3.org\/2000\/svg\" viewBox=\"0 0 1000 100\" preserveAspectRatio=\"none\">\n\t<path class=\"elementor-shape-fill\" opacity=\"0.33\" d=\"M473,67.3c-203.9,88.3-263.1-34-320.3,0C66,119.1,0,59.7,0,59.7V0h1000v59.7 c0,0-62.1,26.1-94.9,29.3c-32.8,3.3-62.8-12.3-75.8-22.1C806,49.6,745.3,8.7,694.9,4.7S492.4,59,473,67.3z\"\/>\n\t<path class=\"elementor-shape-fill\" opacity=\"0.66\" d=\"M734,67.3c-45.5,0-77.2-23.2-129.1-39.1c-28.6-8.7-150.3-10.1-254,39.1 s-91.7-34.4-149.2,0C115.7,118.3,0,39.8,0,39.8V0h1000v36.5c0,0-28.2-18.5-92.1-18.5C810.2,18.1,775.7,67.3,734,67.3z\"\/>\n\t<path class=\"elementor-shape-fill\" d=\"M766.1,28.9c-200-57.5-266,65.5-395.1,19.5C242,1.8,242,5.4,184.8,20.6C128,35.8,132.3,44.9,89.9,52.5C28.6,63.7,0,0,0,0 h1000c0,0-9.9,40.9-83.6,48.1S829.6,47,766.1,28.9z\"\/>\n<\/svg>\t\t<\/div>\n\t\t\t\t\t<div class=\"elementor-container elementor-column-gap-default\">\n\t\t\t\t\t<div class=\"elementor-column elementor-col-50 elementor-top-column elementor-element elementor-element-7001c04\" data-id=\"7001c04\" data-element_type=\"column\">\n\t\t\t<div class=\"elementor-widget-wrap elementor-element-populated\">\n\t\t\t\t\t\t<div class=\"elementor-element elementor-element-7eb6cf4 elementor-widget elementor-widget-heading\" data-id=\"7eb6cf4\" data-element_type=\"widget\" data-widget_type=\"heading.default\">\n\t\t\t\t<div class=\"elementor-widget-container\">\n\t\t\t<h2 class=\"elementor-heading-title elementor-size-default\">Fichas t\u00e9cnicas<\/h2>\t\t<\/div>\n\t\t\t\t<\/div>\n\t\t\t\t<div class=\"elementor-element elementor-element-350a2b3 elementor-widget elementor-widget-heading\" data-id=\"350a2b3\" data-element_type=\"widget\" data-widget_type=\"heading.default\">\n\t\t\t\t<div class=\"elementor-widget-container\">\n\t\t\t<h2 class=\"elementor-heading-title elementor-size-default\">Autovacunas Marinas<\/h2>\t\t<\/div>\n\t\t\t\t<\/div>\n\t\t\t\t<div class=\"elementor-element elementor-element-b514932 elementor-widget elementor-widget-text-editor\" data-id=\"b514932\" data-element_type=\"widget\" data-widget_type=\"text-editor.default\">\n\t\t\t\t<div class=\"elementor-widget-container\">\n\t\t\t\t\t\t\t<p>Somos un laboratorio de autovacunas especializado en acuicultura. \nOfrecemos asesoramiento experto, fabricaci\u00f3n adaptada de autovacunas y \nservicios de an\u00e1lisis para cubrir las necesidades espec\u00edficas de cada \ncliente.<\/p>\t\t\t\t\t\t<\/div>\n\t\t\t\t<\/div>\n\t\t\t\t\t<\/div>\n\t\t<\/div>\n\t\t\t\t<div class=\"elementor-column elementor-col-50 elementor-top-column elementor-element elementor-element-9dfce80\" data-id=\"9dfce80\" data-element_type=\"column\">\n\t\t\t<div class=\"elementor-widget-wrap\">\n\t\t\t\t\t\t\t<\/div>\n\t\t<\/div>\n\t\t\t\t\t<\/div>\n\t\t<\/section>\n\t\t\t\t<section class=\"elementor-section elementor-top-section elementor-element elementor-element-fc438f9 elementor-section-boxed elementor-section-height-default elementor-section-height-default\" data-id=\"fc438f9\" data-element_type=\"section\">\n\t\t\t\t\t\t\t<div class=\"elementor-background-overlay\"><\/div>\n\t\t\t\t\t\t\t<div class=\"elementor-container elementor-column-gap-default\">\n\t\t\t\t\t<div class=\"elementor-column elementor-col-100 elementor-top-column elementor-element elementor-element-c6ff1ad\" data-id=\"c6ff1ad\" data-element_type=\"column\">\n\t\t\t<div class=\"elementor-widget-wrap elementor-element-populated\">\n\t\t\t\t\t\t<div class=\"elementor-element elementor-element-9573e1d elementor-grid-3 elementor-grid-tablet-2 elementor-grid-mobile-1 elementor-posts--thumbnail-top elementor-widget elementor-widget-posts\" data-id=\"9573e1d\" data-element_type=\"widget\" data-settings=\"{&quot;classic_row_gap&quot;:{&quot;unit&quot;:&quot;px&quot;,&quot;size&quot;:53,&quot;sizes&quot;:[]},&quot;classic_columns&quot;:&quot;3&quot;,&quot;classic_columns_tablet&quot;:&quot;2&quot;,&quot;classic_columns_mobile&quot;:&quot;1&quot;,&quot;classic_row_gap_tablet&quot;:{&quot;unit&quot;:&quot;px&quot;,&quot;size&quot;:&quot;&quot;,&quot;sizes&quot;:[]},&quot;classic_row_gap_mobile&quot;:{&quot;unit&quot;:&quot;px&quot;,&quot;size&quot;:&quot;&quot;,&quot;sizes&quot;:[]}}\" data-widget_type=\"posts.classic\">\n\t\t\t\t<div class=\"elementor-widget-container\">\n\t\t\t\t\t<div class=\"elementor-posts-container elementor-posts elementor-posts--skin-classic elementor-grid\">\n\t\t\t\t<article class=\"elementor-post elementor-grid-item post-2080 fichas_tecnicas type-fichas_tecnicas status-publish hentry categoria_fichas_tecnicas-marino\">\n\t\t\t\t<div class=\"elementor-post__text\">\n\t\t\t\t<h3 class=\"elementor-post__title\">\n\t\t\t<a href=\"https:\/\/www.acuipharma.com\/es\/fichas_tecnicas\/photobacterium-vibrio-anguillarum-vibrio-harveyi-streptococo\/\" >\n\t\t\t\tPhotobacterium + Vibrio Anguillarum + Vibrio Harveyi + Streptococo\t\t\t<\/a>\n\t\t<\/h3>\n\t\t\t\t<div class=\"elementor-post__excerpt\">\n\t\t\t<p>Autovacuna de uso veterinario \/ Medicamento sujeto a prescripci\u00f3n veterinaria Prevenci\u00f3n y reducci\u00f3n de la morbilidad y mortalidad debida a pasteurelosis , vibriosis y estreptococosis<\/p>\n\t\t<\/div>\n\t\t\n\t\t<a class=\"elementor-post__read-more\" href=\"https:\/\/www.acuipharma.com\/es\/fichas_tecnicas\/photobacterium-vibrio-anguillarum-vibrio-harveyi-streptococo\/\" aria-label=\"M\u00e1s informaci\u00f3n sobre Photobacterium + Vibrio Anguillarum + Vibrio Harveyi + Streptococo\" tabindex=\"-1\" >\n\t\t\t+ info \u00bb\t\t<\/a>\n\n\t\t\t\t<\/div>\n\t\t\t\t<\/article>\n\t\t\t\t<article class=\"elementor-post elementor-grid-item post-2078 fichas_tecnicas type-fichas_tecnicas status-publish hentry categoria_fichas_tecnicas-marino\">\n\t\t\t\t<div class=\"elementor-post__text\">\n\t\t\t\t<h3 class=\"elementor-post__title\">\n\t\t\t<a href=\"https:\/\/www.acuipharma.com\/es\/fichas_tecnicas\/photobacterium-vibrio-anguillarum-aeromonas\/\" >\n\t\t\t\tPhotobacterium + Vibrio Anguillarum + Aeromonas\t\t\t<\/a>\n\t\t<\/h3>\n\t\t\t\t<div class=\"elementor-post__excerpt\">\n\t\t\t<p>Autovacuna de uso veterinario \/ Medicamento sujeto a prescripci\u00f3n veterinaria Prevenci\u00f3n y reducci\u00f3n de la morbilidad y mortalidad debida a pasteurelosis , vibriosis y furunculosis<\/p>\n\t\t<\/div>\n\t\t\n\t\t<a class=\"elementor-post__read-more\" href=\"https:\/\/www.acuipharma.com\/es\/fichas_tecnicas\/photobacterium-vibrio-anguillarum-aeromonas\/\" aria-label=\"M\u00e1s informaci\u00f3n sobre Photobacterium + Vibrio Anguillarum + Aeromonas\" tabindex=\"-1\" >\n\t\t\t+ info \u00bb\t\t<\/a>\n\n\t\t\t\t<\/div>\n\t\t\t\t<\/article>\n\t\t\t\t<article class=\"elementor-post elementor-grid-item post-2076 fichas_tecnicas type-fichas_tecnicas status-publish hentry categoria_fichas_tecnicas-marino\">\n\t\t\t\t<div class=\"elementor-post__text\">\n\t\t\t\t<h3 class=\"elementor-post__title\">\n\t\t\t<a href=\"https:\/\/www.acuipharma.com\/es\/fichas_tecnicas\/photobacterium-vibrio-anguillarum-vibrio-harveyi\/\" >\n\t\t\t\tPhotobacterium + Vibrio Anguillarum + Vibrio Harveyi\t\t\t<\/a>\n\t\t<\/h3>\n\t\t\t\t<div class=\"elementor-post__excerpt\">\n\t\t\t<p>Autovacuna de uso veterinario \/ Medicamento sujeto a prescripci\u00f3n veterinaria Prevenci\u00f3n y reducci\u00f3n de la morbilidad y mortalidad debida a pasteurelosis , vibriosis en lubinas<\/p>\n\t\t<\/div>\n\t\t\n\t\t<a class=\"elementor-post__read-more\" href=\"https:\/\/www.acuipharma.com\/es\/fichas_tecnicas\/photobacterium-vibrio-anguillarum-vibrio-harveyi\/\" aria-label=\"M\u00e1s informaci\u00f3n sobre Photobacterium + Vibrio Anguillarum + Vibrio Harveyi\" tabindex=\"-1\" >\n\t\t\t+ info \u00bb\t\t<\/a>\n\n\t\t\t\t<\/div>\n\t\t\t\t<\/article>\n\t\t\t\t<article class=\"elementor-post elementor-grid-item post-235 fichas_tecnicas type-fichas_tecnicas status-publish hentry categoria_fichas_tecnicas-marino\">\n\t\t\t\t<div class=\"elementor-post__text\">\n\t\t\t\t<h3 class=\"elementor-post__title\">\n\t\t\t<a href=\"https:\/\/www.acuipharma.com\/es\/fichas_tecnicas\/photobacterium-vibrio-anguillarum\/\" >\n\t\t\t\tPhotobacterium + Vibrio Anguillarum\t\t\t<\/a>\n\t\t<\/h3>\n\t\t\t\t<div class=\"elementor-post__excerpt\">\n\t\t\t<p>Autovacuna de uso veterinario \/ Medicamento sujeto a prescripci\u00f3n veterinaria Prevenci\u00f3n y reducci\u00f3n de la morbilidad y mortalidad debida a pasteurelosis y vibriosis en lubinas<\/p>\n\t\t<\/div>\n\t\t\n\t\t<a class=\"elementor-post__read-more\" href=\"https:\/\/www.acuipharma.com\/es\/fichas_tecnicas\/photobacterium-vibrio-anguillarum\/\" aria-label=\"M\u00e1s informaci\u00f3n sobre Photobacterium + Vibrio Anguillarum\" tabindex=\"-1\" >\n\t\t\t+ info \u00bb\t\t<\/a>\n\n\t\t\t\t<\/div>\n\t\t\t\t<\/article>\n\t\t\t\t<article class=\"elementor-post elementor-grid-item post-234 fichas_tecnicas type-fichas_tecnicas status-publish hentry categoria_fichas_tecnicas-marino\">\n\t\t\t\t<div class=\"elementor-post__text\">\n\t\t\t\t<h3 class=\"elementor-post__title\">\n\t\t\t<a href=\"https:\/\/www.acuipharma.com\/es\/fichas_tecnicas\/photobacterium\/\" >\n\t\t\t\tPhotobacterium\t\t\t<\/a>\n\t\t<\/h3>\n\t\t\t\t<div class=\"elementor-post__excerpt\">\n\t\t\t<p>Autovacuna de uso veterinario \/ Medicamento sujeto a prescripci\u00f3n veterinaria Prevenci\u00f3n y reducci\u00f3n de la morbilidad y mortalidad debida a pasteurelosis en lubinas y doradas<\/p>\n\t\t<\/div>\n\t\t\n\t\t<a class=\"elementor-post__read-more\" href=\"https:\/\/www.acuipharma.com\/es\/fichas_tecnicas\/photobacterium\/\" aria-label=\"M\u00e1s informaci\u00f3n sobre Photobacterium\" tabindex=\"-1\" >\n\t\t\t+ info \u00bb\t\t<\/a>\n\n\t\t\t\t<\/div>\n\t\t\t\t<\/article>\n\t\t\t\t<\/div>\n\t\t\n\t\t\t\t<\/div>\n\t\t\t\t<\/div>\n\t\t\t\t\t<\/div>\n\t\t<\/div>\n\t\t\t\t\t<\/div>\n\t\t<\/section>\n\t\t\t\t<\/div>\n\t\t","protected":false},"excerpt":{"rendered":"<p>Fichas t\u00e9cnicas Autovacunas Marinas Somos un laboratorio de autovacunas especializado en acuicultura. Ofrecemos asesoramiento experto, fabricaci\u00f3n adaptada de autovacunas y servicios de an\u00e1lisis para cubrir las necesidades espec\u00edficas de cada cliente.<\/p>\n","protected":false},"author":1,"featured_media":0,"parent":237,"menu_order":0,"comment_status":"closed","ping_status":"closed","template":"","meta":{"_acf_changed":false,"footnotes":""},"class_list":["post-1806","page","type-page","status-publish","hentry"],"acf":[],"_links":{"self":[{"href":"https:\/\/www.acuipharma.com\/es\/wp-json\/wp\/v2\/pages\/1806","targetHints":{"allow":["GET"]}}],"collection":[{"href":"https:\/\/www.acuipharma.com\/es\/wp-json\/wp\/v2\/pages"}],"about":[{"href":"https:\/\/www.acuipharma.com\/es\/wp-json\/wp\/v2\/types\/page"}],"author":[{"embeddable":true,"href":"https:\/\/www.acuipharma.com\/es\/wp-json\/wp\/v2\/users\/1"}],"replies":[{"embeddable":true,"href":"https:\/\/www.acuipharma.com\/es\/wp-json\/wp\/v2\/comments?post=1806"}],"version-history":[{"count":40,"href":"https:\/\/www.acuipharma.com\/es\/wp-json\/wp\/v2\/pages\/1806\/revisions"}],"predecessor-version":[{"id":2753,"href":"https:\/\/www.acuipharma.com\/es\/wp-json\/wp\/v2\/pages\/1806\/revisions\/2753"}],"up":[{"embeddable":true,"href":"https:\/\/www.acuipharma.com\/es\/wp-json\/wp\/v2\/pages\/237"}],"wp:attachment":[{"href":"https:\/\/www.acuipharma.com\/es\/wp-json\/wp\/v2\/media?parent=1806"}],"curies":[{"name":"wp","href":"https:\/\/api.w.org\/{rel}","templated":true}]}}