{"id":2862,"date":"2021-03-23T14:45:39","date_gmt":"2021-03-23T14:45:39","guid":{"rendered":"https:\/\/www.acuipharma.com\/?page_id=2862"},"modified":"2024-05-13T09:10:55","modified_gmt":"2024-05-13T09:10:55","slug":"politica-de-privacidad","status":"publish","type":"page","link":"https:\/\/www.acuipharma.com\/es\/politica-de-privacidad\/","title":{"rendered":"Pol\u00edtica de privacidad"},"content":{"rendered":"\t\t<div data-elementor-type=\"wp-page\" data-elementor-id=\"2862\" class=\"elementor elementor-2862\" data-elementor-post-type=\"page\">\n\t\t\t\t\t\t<section class=\"elementor-section elementor-top-section elementor-element elementor-element-52206fdd elementor-section-boxed elementor-section-height-default elementor-section-height-default\" data-id=\"52206fdd\" data-element_type=\"section\">\n\t\t\t\t\t\t<div class=\"elementor-container elementor-column-gap-default\">\n\t\t\t\t\t<div class=\"elementor-column elementor-col-100 elementor-top-column elementor-element elementor-element-5f4f9d74\" data-id=\"5f4f9d74\" data-element_type=\"column\">\n\t\t\t<div class=\"elementor-widget-wrap elementor-element-populated\">\n\t\t\t\t\t\t<div class=\"elementor-element elementor-element-b8ed383 elementor-widget elementor-widget-heading\" data-id=\"b8ed383\" data-element_type=\"widget\" data-widget_type=\"heading.default\">\n\t\t\t\t<div class=\"elementor-widget-container\">\n\t\t\t<h2 class=\"elementor-heading-title elementor-size-default\">Pol\u00edtica de Privacidad<\/h2>\t\t<\/div>\n\t\t\t\t<\/div>\n\t\t\t\t<div class=\"elementor-element elementor-element-3909e859 elementor-widget elementor-widget-text-editor\" data-id=\"3909e859\" data-element_type=\"widget\" data-widget_type=\"text-editor.default\">\n\t\t\t\t<div class=\"elementor-widget-container\">\n\t\t\t\t\t\t\t<p><\/p>\n<p><strong class=\"privacy-policy-tutorial\">El objetivo de esta\u00a0pol\u00edtica es informar a los interesados acerca de los distintos tratamientos realizados por esta organizaci\u00f3n mediante la p\u00e1gina web y que afecten a sus datos personales de conformidad con lo establecido en la Ley Org\u00e1nica 3\/2018, de 5 de diciembre, de Protecci\u00f3n de Datos Personales y garant\u00eda de los derechos digitales y el Reglamento (UE) 2016\/679 del Parlamento Europeo y del Consejo de 27 de abril de 2016.<\/strong><\/p>\n<p><\/p>\n<h3>1. IDENTIFICACI\u00d3N Y DATOS DE CONTACTO DEL RESPONSABLE.<\/h3>\n<p><\/p>\n<p><strong class=\"privacy-policy-tutorial\">La organizaci\u00f3n ACUIPHARMA AQUACULTURE HEALTH SL, con CIF B75109116 y domicilio social en\u00a0<span style=\"color: var( --e-global-color-text ); font-family: var( --e-global-typography-text-font-family ), Sans-serif; font-size: 1rem;\">Pol\u00edgono Industrial Erratzu 331-C,\u00a0<\/span><span style=\"color: var( --e-global-color-text ); font-family: var( --e-global-typography-text-font-family ), Sans-serif; font-size: 1rem;\">Urnieta 20130<\/span>, tel\u00e9fono de contacto: 943942119 y correo electr\u00f3nico <a href=\"mailto:acuipharma@acuipharma.com\">acuipharma@acuipharma.com<\/a>.<\/strong><\/p>\n<p><\/p>\n<h3><span style=\"font-weight: normal;\">2. FINALIDADES DEL TRATAMIENTO DE SUS DATOS PERSONALES.<\/span><\/h3>\n<p><\/p>\n<p><strong class=\"privacy-policy-tutorial\">Trataremos sus datos de car\u00e1cter personal facilitados a trav\u00e9s de nuestros formularios web para:<\/strong><\/p>\n<p><\/p>\n<ul>\n<li>Atender a las solicitudes, quejas e incidencias trasladadas a trav\u00e9s de nuestros canales de contacto incorporados en la p\u00e1gina web.<\/li>\n<li>Entender el comportamiento del navegante dentro de la web con el fin de detectar posibles ataques inform\u00e1ticos a nuestra web.<\/li>\n<li>Cumplir con las obligaciones legales que nos resulten directamente aplicables y regulen nuestra actividad.<\/li>\n<li>Para proteger y ejercer nuestros derechos o responder ante reclamaciones de cualquier \u00edndole.<\/li>\n<\/ul>\n<p><\/p>\n<h3>4. PLAZOS O CRITERIOS DE CONSERVACI\u00d3N DE LOS DATOS.<\/h3>\n<p><\/p>\n<p>Los datos personales proporcionados se conservar\u00e1n durante el tiempo necesario para cumplir con las finalidades para los que fueron recopilados inicialmente. Una vez que los datos dejen de ser necesarios para el tratamiento en cuesti\u00f3n, estos se mantendr\u00e1n debidamente bloqueados para, en su caso, ponerlos a disposici\u00f3n de las Administraciones y Organismos P\u00fablicas competentes, Jueces y Tribunales o el Ministerio Fiscal, de acuerdo al durante el plazo de prescripci\u00f3n de las acciones que pudieran derivarse de la relaci\u00f3n mantenida con el cliente y\/o los plazos de conservaci\u00f3n previstos legalmente.<\/p>\n<p><\/p>\n<h3>5. DECISIONES AUTOMATIZADAS Y ELABORACI\u00d3N DE PERFILES.<\/h3>\n<p><\/p>\n<p><strong class=\"privacy-policy-tutorial\">La p\u00e1gina web no toma decisiones automatizadas ni elabora perfiles.<\/strong><\/p>\n<p><\/p>\n<h3>6. DESTINATARIOS.<\/h3>\n<p><\/p>\n<p><strong class=\"privacy-policy-tutorial\">Durante el periodo de duraci\u00f3n del tratamiento de sus datos personales, organizaci\u00f3n podr\u00e1 ceder sus datos a los siguientes destinatarios:<\/strong><\/p>\n<p><\/p>\n<ul>\n<li>Jueces y Tribunales.<\/li>\n<li>Fuerzas y Cuerpos de Seguridad del Estado.<\/li>\n<li>Otras autoridades u organismos p\u00fablicos competentes, cuando el responsable tenga la obligaci\u00f3n legal de facilitar los datos personales.<\/li>\n<\/ul>\n<p><\/p>\n<h3>7. TRANSFERENCIAS INTERNACIONALES DE DATOS.<\/h3>\n<p><\/p>\n<p><strong class=\"privacy-policy-tutorial\">La organizaci\u00f3n no realiza Transferencia Internacional de Datos alguna.<\/strong><\/p>\n<p><\/p>\n<h3>8. DERECHOS.<\/h3>\n<p><\/p>\n<p><strong class=\"privacy-policy-tutorial\">Los interesados podr\u00e1n ejercer en cualquier momento y de forma totalmente gratuita los derechos de\u00a0<strong>acceso, rectificaci\u00f3n y supresi\u00f3n, as\u00ed como solicitar que se limite el tratamiento de sus datos personales, oponerse al mismo, solicitar la portabilidad de estos (siempre que sea t\u00e9cnicamente posible) o retirar el consentimiento prestado<\/strong>, y en su caso, cuando proceda,\u00a0<strong>a no ser objeto de una decisi\u00f3n basada \u00fanicamente en un tratamiento automatizado, incluido la elaboraci\u00f3n de perfiles<\/strong>.<\/strong><\/p>\n<p><\/p>\n<p>Para ello podr\u00e1 emplear los formularios habilitados por la organizaci\u00f3n, o bien dirigir un escrito a la direcci\u00f3n postal o correo electr\u00f3nico arriba indicadas. En cualquier caso, su solicitud deber\u00e1 acompa\u00f1arse de una fotocopia de su D.N.I. o documento equivalente, con la finalidad de acreditar su identidad.<\/p>\n<p><\/p>\n<p>En caso de que sienta vulnerados sus derechos en lo concerniente a la protecci\u00f3n de sus datos personales, especialmente cuando no haya obtenido satisfacci\u00f3n en el ejercicio de sus derechos, puede presentar una reclamaci\u00f3n ante la Autoridad de Control en materia de Protecci\u00f3n de Datos competente (<strong>Agencia Espa\u00f1ola de Protecci\u00f3n de Datos<\/strong>), a trav\u00e9s de su sitio web:\u00a0<a href=\"http:\/\/www.agpd.es\/\" target=\"_blank\" rel=\"noreferrer noopener\">www.agpd.es<\/a>.<\/p>\n<p><\/p>\n<p>En cumplimiento de lo dispuesto en el art\u00edculo 21 de la Ley 34\/2002 de servicios de la sociedad de la informaci\u00f3n y comercio electr\u00f3nico, si usted no desea recibir m\u00e1s informaci\u00f3n sobre nuestros servicios, puede darse de baja enviando un correo electr\u00f3nico a la direcci\u00f3n <a href=\"mailto:acuipharma@acuipharma.com\">acuipharma@acuipharma.com<\/a>, con asunto \u201cBAJAS\u201d.<\/p>\n<p><\/p>\n<h3>9. VERACIDAD DE LOS DATOS.<\/h3>\n<p><\/p>\n<p><strong class=\"privacy-policy-tutorial\">El interesado garantiza que los datos aportados son verdaderos, exactos, completos y se encuentran actualizados; comprometi\u00e9ndose a informar de cualquier cambio respecto de los datos que aportara, por los canales habilitados al efecto e indicados en el punto uno de la presente pol\u00edtica. Ser\u00e1 responsable de cualquier da\u00f1o o perjuicio, tanto directo como indirecto, que pudiera ocasionar como consecuencia del incumplimiento de la presente obligaci\u00f3n.<\/strong><\/p>\n<p><\/p>\n<p>En el supuesto de que el usuario facilite datos de terceros, declara que cuenta con el consentimiento de los interesados y se compromete a trasladarle la informaci\u00f3n contenida en esta cl\u00e1usula, eximiendo a la organizaci\u00f3n de cualquier responsabilidad derivada por la falta de cumplimiento de la presente obligaci\u00f3n.<\/p>\n<p><\/p>\t\t\t\t\t\t<\/div>\n\t\t\t\t<\/div>\n\t\t\t\t\t<\/div>\n\t\t<\/div>\n\t\t\t\t\t<\/div>\n\t\t<\/section>\n\t\t\t\t<\/div>\n\t\t","protected":false},"excerpt":{"rendered":"<p>Pol\u00edtica de Privacidad El objetivo de esta\u00a0pol\u00edtica es informar a los interesados acerca de los distintos tratamientos realizados por esta organizaci\u00f3n mediante la p\u00e1gina web y que afecten a sus datos personales de conformidad con lo establecido en la Ley Org\u00e1nica 3\/2018, de 5 de diciembre, de Protecci\u00f3n de Datos Personales y garant\u00eda de los [&hellip;]<\/p>\n","protected":false},"author":3,"featured_media":0,"parent":0,"menu_order":0,"comment_status":"closed","ping_status":"closed","template":"","meta":{"_acf_changed":false,"footnotes":""},"class_list":["post-2862","page","type-page","status-publish","hentry"],"acf":[],"_links":{"self":[{"href":"https:\/\/www.acuipharma.com\/es\/wp-json\/wp\/v2\/pages\/2862","targetHints":{"allow":["GET"]}}],"collection":[{"href":"https:\/\/www.acuipharma.com\/es\/wp-json\/wp\/v2\/pages"}],"about":[{"href":"https:\/\/www.acuipharma.com\/es\/wp-json\/wp\/v2\/types\/page"}],"author":[{"embeddable":true,"href":"https:\/\/www.acuipharma.com\/es\/wp-json\/wp\/v2\/users\/3"}],"replies":[{"embeddable":true,"href":"https:\/\/www.acuipharma.com\/es\/wp-json\/wp\/v2\/comments?post=2862"}],"version-history":[{"count":19,"href":"https:\/\/www.acuipharma.com\/es\/wp-json\/wp\/v2\/pages\/2862\/revisions"}],"predecessor-version":[{"id":4003,"href":"https:\/\/www.acuipharma.com\/es\/wp-json\/wp\/v2\/pages\/2862\/revisions\/4003"}],"wp:attachment":[{"href":"https:\/\/www.acuipharma.com\/es\/wp-json\/wp\/v2\/media?parent=2862"}],"curies":[{"name":"wp","href":"https:\/\/api.w.org\/{rel}","templated":true}]}}