{"id":3181,"date":"2021-03-27T10:09:09","date_gmt":"2021-03-27T10:09:09","guid":{"rendered":"https:\/\/www.acuipharma.com\/fiches-techniques\/"},"modified":"2021-04-13T07:33:48","modified_gmt":"2021-04-13T07:33:48","slug":"fiches-techniques","status":"publish","type":"page","link":"https:\/\/www.acuipharma.com\/fr\/fiches-techniques\/","title":{"rendered":"Fiches techniques"},"content":{"rendered":"\t\t<div data-elementor-type=\"wp-page\" data-elementor-id=\"3181\" class=\"elementor elementor-3181 elementor-237\" data-elementor-post-type=\"page\">\n\t\t\t\t\t\t<section class=\"elementor-section elementor-top-section elementor-element elementor-element-ba58dfc elementor-section-content-bottom elementor-section-height-min-height elementor-section-boxed elementor-section-height-default elementor-section-items-middle\" data-id=\"ba58dfc\" data-element_type=\"section\" data-settings=\"{&quot;background_background&quot;:&quot;classic&quot;,&quot;background_motion_fx_motion_fx_scrolling&quot;:&quot;yes&quot;,&quot;background_motion_fx_translateY_effect&quot;:&quot;yes&quot;,&quot;shape_divider_bottom&quot;:&quot;mountains&quot;,&quot;background_motion_fx_translateY_speed&quot;:{&quot;unit&quot;:&quot;px&quot;,&quot;size&quot;:4,&quot;sizes&quot;:[]},&quot;background_motion_fx_translateY_affectedRange&quot;:{&quot;unit&quot;:&quot;%&quot;,&quot;size&quot;:&quot;&quot;,&quot;sizes&quot;:{&quot;start&quot;:0,&quot;end&quot;:100}},&quot;background_motion_fx_devices&quot;:[&quot;desktop&quot;,&quot;tablet&quot;,&quot;mobile&quot;]}\">\n\t\t\t\t\t\t\t<div class=\"elementor-background-overlay\"><\/div>\n\t\t\t\t\t\t<div class=\"elementor-shape elementor-shape-bottom\" data-negative=\"false\">\n\t\t\t<svg xmlns=\"http:\/\/www.w3.org\/2000\/svg\" viewBox=\"0 0 1000 100\" preserveAspectRatio=\"none\">\n\t<path class=\"elementor-shape-fill\" opacity=\"0.33\" d=\"M473,67.3c-203.9,88.3-263.1-34-320.3,0C66,119.1,0,59.7,0,59.7V0h1000v59.7 c0,0-62.1,26.1-94.9,29.3c-32.8,3.3-62.8-12.3-75.8-22.1C806,49.6,745.3,8.7,694.9,4.7S492.4,59,473,67.3z\"\/>\n\t<path class=\"elementor-shape-fill\" opacity=\"0.66\" d=\"M734,67.3c-45.5,0-77.2-23.2-129.1-39.1c-28.6-8.7-150.3-10.1-254,39.1 s-91.7-34.4-149.2,0C115.7,118.3,0,39.8,0,39.8V0h1000v36.5c0,0-28.2-18.5-92.1-18.5C810.2,18.1,775.7,67.3,734,67.3z\"\/>\n\t<path class=\"elementor-shape-fill\" d=\"M766.1,28.9c-200-57.5-266,65.5-395.1,19.5C242,1.8,242,5.4,184.8,20.6C128,35.8,132.3,44.9,89.9,52.5C28.6,63.7,0,0,0,0 h1000c0,0-9.9,40.9-83.6,48.1S829.6,47,766.1,28.9z\"\/>\n<\/svg>\t\t<\/div>\n\t\t\t\t\t<div class=\"elementor-container elementor-column-gap-default\">\n\t\t\t\t\t<div class=\"elementor-column elementor-col-50 elementor-top-column elementor-element elementor-element-94149db\" data-id=\"94149db\" data-element_type=\"column\">\n\t\t\t<div class=\"elementor-widget-wrap elementor-element-populated\">\n\t\t\t\t\t\t<div class=\"elementor-element elementor-element-75ff8a4 elementor-widget elementor-widget-heading\" data-id=\"75ff8a4\" data-element_type=\"widget\" data-widget_type=\"heading.default\">\n\t\t\t\t<div class=\"elementor-widget-container\">\n\t\t\t<h2 class=\"elementor-heading-title elementor-size-default\">Fiches techniques<\/h2>\t\t<\/div>\n\t\t\t\t<\/div>\n\t\t\t\t<div class=\"elementor-element elementor-element-2f0027c elementor-widget elementor-widget-text-editor\" data-id=\"2f0027c\" data-element_type=\"widget\" data-widget_type=\"text-editor.default\">\n\t\t\t\t<div class=\"elementor-widget-container\">\n\t\t\t\t\t\t\t<p>Nous sommes un laboratoire d\u2019autovaccins sp\u00e9cialis\u00e9 en aquaculture.<br \/>\nNous proposons un service expert, une fabrication adapt\u00e9e d\u2019autovaccins et<br \/>\ndes services d\u2019analyse pour couvrir les besoins sp\u00e9cifiques de chaque<br \/>\nclient.<\/p>\n\t\t\t\t\t\t<\/div>\n\t\t\t\t<\/div>\n\t\t\t\t\t<\/div>\n\t\t<\/div>\n\t\t\t\t<div class=\"elementor-column elementor-col-50 elementor-top-column elementor-element elementor-element-e51a71d\" data-id=\"e51a71d\" data-element_type=\"column\">\n\t\t\t<div class=\"elementor-widget-wrap\">\n\t\t\t\t\t\t\t<\/div>\n\t\t<\/div>\n\t\t\t\t\t<\/div>\n\t\t<\/section>\n\t\t\t\t<section class=\"elementor-section elementor-top-section elementor-element elementor-element-e6bbe4c elementor-section-boxed elementor-section-height-default elementor-section-height-default\" data-id=\"e6bbe4c\" data-element_type=\"section\">\n\t\t\t\t\t\t\t<div class=\"elementor-background-overlay\"><\/div>\n\t\t\t\t\t\t\t<div class=\"elementor-container elementor-column-gap-default\">\n\t\t\t\t\t<div class=\"elementor-column elementor-col-100 elementor-top-column elementor-element elementor-element-c07ef01\" data-id=\"c07ef01\" data-element_type=\"column\">\n\t\t\t<div class=\"elementor-widget-wrap elementor-element-populated\">\n\t\t\t\t\t\t<div class=\"elementor-element elementor-element-776f34f elementor-grid-3 elementor-grid-tablet-2 elementor-grid-mobile-1 elementor-posts--thumbnail-top elementor-widget elementor-widget-posts\" data-id=\"776f34f\" data-element_type=\"widget\" data-settings=\"{&quot;classic_row_gap&quot;:{&quot;unit&quot;:&quot;px&quot;,&quot;size&quot;:53,&quot;sizes&quot;:[]},&quot;classic_columns&quot;:&quot;3&quot;,&quot;classic_columns_tablet&quot;:&quot;2&quot;,&quot;classic_columns_mobile&quot;:&quot;1&quot;,&quot;classic_row_gap_tablet&quot;:{&quot;unit&quot;:&quot;px&quot;,&quot;size&quot;:&quot;&quot;,&quot;sizes&quot;:[]},&quot;classic_row_gap_mobile&quot;:{&quot;unit&quot;:&quot;px&quot;,&quot;size&quot;:&quot;&quot;,&quot;sizes&quot;:[]}}\" data-widget_type=\"posts.classic\">\n\t\t\t\t<div class=\"elementor-widget-container\">\n\t\t\t\t\t<div class=\"elementor-posts-container elementor-posts elementor-posts--skin-classic elementor-grid\">\n\t\t\t\t<article class=\"elementor-post elementor-grid-item post-3353 fichas_tecnicas type-fichas_tecnicas status-publish hentry categoria_fichas_tecnicas-continental-fr\">\n\t\t\t\t<div class=\"elementor-post__text\">\n\t\t\t\t<h3 class=\"elementor-post__title\">\n\t\t\t<a href=\"https:\/\/www.acuipharma.com\/fr\/fichas_tecnicas\/yersinia-injection\/\" >\n\t\t\t\tYersinia injection\t\t\t<\/a>\n\t\t<\/h3>\n\t\t\t\t<div class=\"elementor-post__excerpt\">\n\t\t\t<p>Autovaccine for veterinary use \/ Prescription-only veterinary medicinal product Prevention and reduction of morbidity and mortality due to yersiniosis in rainbow trout Suspension of formalin-inactivated<\/p>\n\t\t<\/div>\n\t\t\n\t\t<a class=\"elementor-post__read-more\" href=\"https:\/\/www.acuipharma.com\/fr\/fichas_tecnicas\/yersinia-injection\/\" aria-label=\"En savoir plus sur Yersinia injection\" tabindex=\"-1\" >\n\t\t\t+ info \u00bb\t\t<\/a>\n\n\t\t\t\t<\/div>\n\t\t\t\t<\/article>\n\t\t\t\t<article class=\"elementor-post elementor-grid-item post-3352 fichas_tecnicas type-fichas_tecnicas status-publish hentry categoria_fichas_tecnicas-continental-fr\">\n\t\t\t\t<div class=\"elementor-post__text\">\n\t\t\t\t<h3 class=\"elementor-post__title\">\n\t\t\t<a href=\"https:\/\/www.acuipharma.com\/fr\/fichas_tecnicas\/yersinia-immersion\/\" >\n\t\t\t\tYersinia immersion\t\t\t<\/a>\n\t\t<\/h3>\n\t\t\t\t<div class=\"elementor-post__excerpt\">\n\t\t\t<p>Autovaccine for veterinary use \/ Prescription-only veterinary medicinal product Prevention and reduction of morbidity and mortality due to yersiniosis in rainbow trout Suspension of formalin-inactivated<\/p>\n\t\t<\/div>\n\t\t\n\t\t<a class=\"elementor-post__read-more\" href=\"https:\/\/www.acuipharma.com\/fr\/fichas_tecnicas\/yersinia-immersion\/\" aria-label=\"En savoir plus sur Yersinia immersion\" tabindex=\"-1\" >\n\t\t\t+ info \u00bb\t\t<\/a>\n\n\t\t\t\t<\/div>\n\t\t\t\t<\/article>\n\t\t\t\t<article class=\"elementor-post elementor-grid-item post-3351 fichas_tecnicas type-fichas_tecnicas status-publish hentry categoria_fichas_tecnicas-continental-fr\">\n\t\t\t\t<div class=\"elementor-post__text\">\n\t\t\t\t<h3 class=\"elementor-post__title\">\n\t\t\t<a href=\"https:\/\/www.acuipharma.com\/fr\/fichas_tecnicas\/yersinia-aeromonas\/\" >\n\t\t\t\tYersinia + Aeromonas\t\t\t<\/a>\n\t\t<\/h3>\n\t\t\t\t<div class=\"elementor-post__excerpt\">\n\t\t\t<p>Autovaccine for veterinary use \/ Prescription-only veterinary medicinal product Prevention and reduction of morbidity and mortality due to yersiniosis and furunculosis in rainbow trout Suspension<\/p>\n\t\t<\/div>\n\t\t\n\t\t<a class=\"elementor-post__read-more\" href=\"https:\/\/www.acuipharma.com\/fr\/fichas_tecnicas\/yersinia-aeromonas\/\" aria-label=\"En savoir plus sur Yersinia + Aeromonas\" tabindex=\"-1\" >\n\t\t\t+ info \u00bb\t\t<\/a>\n\n\t\t\t\t<\/div>\n\t\t\t\t<\/article>\n\t\t\t\t<article class=\"elementor-post elementor-grid-item post-3350 fichas_tecnicas type-fichas_tecnicas status-publish hentry categoria_fichas_tecnicas-continental-fr\">\n\t\t\t\t<div class=\"elementor-post__text\">\n\t\t\t\t<h3 class=\"elementor-post__title\">\n\t\t\t<a href=\"https:\/\/www.acuipharma.com\/fr\/fichas_tecnicas\/vagococo-carnobacterium-aeromonas\/\" >\n\t\t\t\tVagococo + Carnobacterium + Aeromonas\t\t\t<\/a>\n\t\t<\/h3>\n\t\t\t\t<div class=\"elementor-post__excerpt\">\n\t\t\t<p>Autovaccine for veterinary use \/ Prescription-only veterinary medicinal product Prevention and reduction of morbidity and mortality due to cold-water streptococci and furunculosis in breeding rainbow<\/p>\n\t\t<\/div>\n\t\t\n\t\t<a class=\"elementor-post__read-more\" href=\"https:\/\/www.acuipharma.com\/fr\/fichas_tecnicas\/vagococo-carnobacterium-aeromonas\/\" aria-label=\"En savoir plus sur Vagococo + Carnobacterium + Aeromonas\" tabindex=\"-1\" >\n\t\t\t+ info \u00bb\t\t<\/a>\n\n\t\t\t\t<\/div>\n\t\t\t\t<\/article>\n\t\t\t\t<article class=\"elementor-post elementor-grid-item post-3349 fichas_tecnicas type-fichas_tecnicas status-publish hentry categoria_fichas_tecnicas-continental-fr\">\n\t\t\t\t<div class=\"elementor-post__text\">\n\t\t\t\t<h3 class=\"elementor-post__title\">\n\t\t\t<a href=\"https:\/\/www.acuipharma.com\/fr\/fichas_tecnicas\/vagococo-aeromonas\/\" >\n\t\t\t\tVagococo + Aeromonas\t\t\t<\/a>\n\t\t<\/h3>\n\t\t\t\t<div class=\"elementor-post__excerpt\">\n\t\t\t<p>Autovaccine for veterinary use \/ Prescription-only veterinary medicinal product Prevention and reduction of morbidity and mortality due to cold-water streptococci and furunculosis in breeding rainbow<\/p>\n\t\t<\/div>\n\t\t\n\t\t<a class=\"elementor-post__read-more\" href=\"https:\/\/www.acuipharma.com\/fr\/fichas_tecnicas\/vagococo-aeromonas\/\" aria-label=\"En savoir plus sur Vagococo + Aeromonas\" tabindex=\"-1\" >\n\t\t\t+ info \u00bb\t\t<\/a>\n\n\t\t\t\t<\/div>\n\t\t\t\t<\/article>\n\t\t\t\t<article class=\"elementor-post elementor-grid-item post-3348 fichas_tecnicas type-fichas_tecnicas status-publish hentry categoria_fichas_tecnicas-marino-fr\">\n\t\t\t\t<div class=\"elementor-post__text\">\n\t\t\t\t<h3 class=\"elementor-post__title\">\n\t\t\t<a href=\"https:\/\/www.acuipharma.com\/fr\/fichas_tecnicas\/photobacterium-vibrio-anguillarum-vibrio-harveyi-streptococo\/\" >\n\t\t\t\tPhotobacterium + Vibrio Anguillarum + Vibrio Harveyi + Streptococo\t\t\t<\/a>\n\t\t<\/h3>\n\t\t\t\t<div class=\"elementor-post__excerpt\">\n\t\t\t<p>Autovaccine for veterinary use \/ Prescription-only veterinary medicinal product Prevention and reduction of morbidity and mortality due to pasteurellosis,vibriosis and streptoccocosis in European sea bass<\/p>\n\t\t<\/div>\n\t\t\n\t\t<a class=\"elementor-post__read-more\" href=\"https:\/\/www.acuipharma.com\/fr\/fichas_tecnicas\/photobacterium-vibrio-anguillarum-vibrio-harveyi-streptococo\/\" aria-label=\"En savoir plus sur Photobacterium + Vibrio Anguillarum + Vibrio Harveyi + Streptococo\" tabindex=\"-1\" >\n\t\t\t+ info \u00bb\t\t<\/a>\n\n\t\t\t\t<\/div>\n\t\t\t\t<\/article>\n\t\t\t\t<article class=\"elementor-post elementor-grid-item post-3347 fichas_tecnicas type-fichas_tecnicas status-publish hentry categoria_fichas_tecnicas-marino-fr\">\n\t\t\t\t<div class=\"elementor-post__text\">\n\t\t\t\t<h3 class=\"elementor-post__title\">\n\t\t\t<a href=\"https:\/\/www.acuipharma.com\/fr\/fichas_tecnicas\/photobacterium-vibrio-anguillarum-vibrio-harveyi\/\" >\n\t\t\t\tPhotobacterium + Vibrio Anguillarum + Vibrio Harveyi\t\t\t<\/a>\n\t\t<\/h3>\n\t\t\t\t<div class=\"elementor-post__excerpt\">\n\t\t\t<p>Autovaccine for veterinary use \/ Prescription-only veterinary medicinal product Prevention and reduction of morbidity and mortality due to pasteurellosis,vibriosis in European sea bass and gilt-head<\/p>\n\t\t<\/div>\n\t\t\n\t\t<a class=\"elementor-post__read-more\" href=\"https:\/\/www.acuipharma.com\/fr\/fichas_tecnicas\/photobacterium-vibrio-anguillarum-vibrio-harveyi\/\" aria-label=\"En savoir plus sur Photobacterium + Vibrio Anguillarum + Vibrio Harveyi\" tabindex=\"-1\" >\n\t\t\t+ info \u00bb\t\t<\/a>\n\n\t\t\t\t<\/div>\n\t\t\t\t<\/article>\n\t\t\t\t<article class=\"elementor-post elementor-grid-item post-3346 fichas_tecnicas type-fichas_tecnicas status-publish hentry categoria_fichas_tecnicas-marino-fr\">\n\t\t\t\t<div class=\"elementor-post__text\">\n\t\t\t\t<h3 class=\"elementor-post__title\">\n\t\t\t<a href=\"https:\/\/www.acuipharma.com\/fr\/fichas_tecnicas\/photobacterium-vibrio-anguillarum-aeromonas\/\" >\n\t\t\t\tPhotobacterium + Vibrio Anguillarum + Aeromonas\t\t\t<\/a>\n\t\t<\/h3>\n\t\t\t\t<div class=\"elementor-post__excerpt\">\n\t\t\t<p>Autovaccine for veterinary use \/ Prescription-only veterinary medicinal product Prevention and reduction of morbidity and mortality due to pasteurellosis, vibriosis and furunculosis in European sea<\/p>\n\t\t<\/div>\n\t\t\n\t\t<a class=\"elementor-post__read-more\" href=\"https:\/\/www.acuipharma.com\/fr\/fichas_tecnicas\/photobacterium-vibrio-anguillarum-aeromonas\/\" aria-label=\"En savoir plus sur Photobacterium + Vibrio Anguillarum + Aeromonas\" tabindex=\"-1\" >\n\t\t\t+ info \u00bb\t\t<\/a>\n\n\t\t\t\t<\/div>\n\t\t\t\t<\/article>\n\t\t\t\t<article class=\"elementor-post elementor-grid-item post-3345 fichas_tecnicas type-fichas_tecnicas status-publish hentry categoria_fichas_tecnicas-marino-fr\">\n\t\t\t\t<div class=\"elementor-post__text\">\n\t\t\t\t<h3 class=\"elementor-post__title\">\n\t\t\t<a href=\"https:\/\/www.acuipharma.com\/fr\/fichas_tecnicas\/photobacterium-vibrio-anguillarum\/\" >\n\t\t\t\tPhotobacterium + Vibrio Anguillarum\t\t\t<\/a>\n\t\t<\/h3>\n\t\t\t\t<div class=\"elementor-post__excerpt\">\n\t\t\t<p>Autovaccine for veterinary use \/ Prescription-only veterinary medicinal product Prevention and reduction of morbidity and mortality due to pasteurellosis and vibriosis in European sea bass<\/p>\n\t\t<\/div>\n\t\t\n\t\t<a class=\"elementor-post__read-more\" href=\"https:\/\/www.acuipharma.com\/fr\/fichas_tecnicas\/photobacterium-vibrio-anguillarum\/\" aria-label=\"En savoir plus sur Photobacterium + Vibrio Anguillarum\" tabindex=\"-1\" >\n\t\t\t+ info \u00bb\t\t<\/a>\n\n\t\t\t\t<\/div>\n\t\t\t\t<\/article>\n\t\t\t\t<article class=\"elementor-post elementor-grid-item post-3344 fichas_tecnicas type-fichas_tecnicas status-publish hentry categoria_fichas_tecnicas-marino-fr\">\n\t\t\t\t<div class=\"elementor-post__text\">\n\t\t\t\t<h3 class=\"elementor-post__title\">\n\t\t\t<a href=\"https:\/\/www.acuipharma.com\/fr\/fichas_tecnicas\/photobacterium\/\" >\n\t\t\t\tPhotobacterium\t\t\t<\/a>\n\t\t<\/h3>\n\t\t\t\t<div class=\"elementor-post__excerpt\">\n\t\t\t<p>Autovaccine for veterinary use \/ Prescription-only veterinary medicinal product Prevention and reduction of morbidity and mortality due to pasteurellosis in European sea bass and gilt-head<\/p>\n\t\t<\/div>\n\t\t\n\t\t<a class=\"elementor-post__read-more\" href=\"https:\/\/www.acuipharma.com\/fr\/fichas_tecnicas\/photobacterium\/\" aria-label=\"En savoir plus sur Photobacterium\" tabindex=\"-1\" >\n\t\t\t+ info \u00bb\t\t<\/a>\n\n\t\t\t\t<\/div>\n\t\t\t\t<\/article>\n\t\t\t\t<\/div>\n\t\t\n\t\t\t\t<\/div>\n\t\t\t\t<\/div>\n\t\t\t\t\t<\/div>\n\t\t<\/div>\n\t\t\t\t\t<\/div>\n\t\t<\/section>\n\t\t\t\t<\/div>\n\t\t","protected":false},"excerpt":{"rendered":"<p>Fiches techniques Nous sommes un laboratoire d\u2019autovaccins sp\u00e9cialis\u00e9 en aquaculture. Nous proposons un service expert, une fabrication adapt\u00e9e d\u2019autovaccins et des services d\u2019analyse pour couvrir les besoins sp\u00e9cifiques de chaque client.<\/p>\n","protected":false},"author":1,"featured_media":0,"parent":0,"menu_order":0,"comment_status":"closed","ping_status":"closed","template":"","meta":{"_acf_changed":false,"footnotes":""},"class_list":["post-3181","page","type-page","status-publish","hentry"],"acf":[],"_links":{"self":[{"href":"https:\/\/www.acuipharma.com\/fr\/wp-json\/wp\/v2\/pages\/3181","targetHints":{"allow":["GET"]}}],"collection":[{"href":"https:\/\/www.acuipharma.com\/fr\/wp-json\/wp\/v2\/pages"}],"about":[{"href":"https:\/\/www.acuipharma.com\/fr\/wp-json\/wp\/v2\/types\/page"}],"author":[{"embeddable":true,"href":"https:\/\/www.acuipharma.com\/fr\/wp-json\/wp\/v2\/users\/1"}],"replies":[{"embeddable":true,"href":"https:\/\/www.acuipharma.com\/fr\/wp-json\/wp\/v2\/comments?post=3181"}],"version-history":[{"count":3,"href":"https:\/\/www.acuipharma.com\/fr\/wp-json\/wp\/v2\/pages\/3181\/revisions"}],"predecessor-version":[{"id":3518,"href":"https:\/\/www.acuipharma.com\/fr\/wp-json\/wp\/v2\/pages\/3181\/revisions\/3518"}],"wp:attachment":[{"href":"https:\/\/www.acuipharma.com\/fr\/wp-json\/wp\/v2\/media?parent=3181"}],"curies":[{"name":"wp","href":"https:\/\/api.w.org\/{rel}","templated":true}]}}