{"id":3199,"date":"2021-03-27T10:32:35","date_gmt":"2021-03-27T10:32:35","guid":{"rendered":"https:\/\/www.acuipharma.com\/questions-frequentes\/"},"modified":"2021-04-20T12:16:07","modified_gmt":"2021-04-20T12:16:07","slug":"questions-frequentes","status":"publish","type":"page","link":"https:\/\/www.acuipharma.com\/fr\/questions-frequentes\/","title":{"rendered":"Questions fr\u00e9quentes"},"content":{"rendered":"\t\t<div data-elementor-type=\"wp-page\" data-elementor-id=\"3199\" class=\"elementor elementor-3199 elementor-1742\" data-elementor-post-type=\"page\">\n\t\t\t\t\t\t<section class=\"elementor-section elementor-top-section elementor-element elementor-element-a6c895f elementor-section-content-bottom elementor-section-height-min-height elementor-section-boxed elementor-section-height-default elementor-section-items-middle\" data-id=\"a6c895f\" data-element_type=\"section\" data-settings=\"{&quot;background_background&quot;:&quot;classic&quot;,&quot;background_motion_fx_motion_fx_scrolling&quot;:&quot;yes&quot;,&quot;background_motion_fx_translateY_effect&quot;:&quot;yes&quot;,&quot;shape_divider_bottom&quot;:&quot;mountains&quot;,&quot;background_motion_fx_translateY_speed&quot;:{&quot;unit&quot;:&quot;px&quot;,&quot;size&quot;:4,&quot;sizes&quot;:[]},&quot;background_motion_fx_translateY_affectedRange&quot;:{&quot;unit&quot;:&quot;%&quot;,&quot;size&quot;:&quot;&quot;,&quot;sizes&quot;:{&quot;start&quot;:0,&quot;end&quot;:100}},&quot;background_motion_fx_devices&quot;:[&quot;desktop&quot;,&quot;tablet&quot;,&quot;mobile&quot;]}\">\n\t\t\t\t\t\t\t<div class=\"elementor-background-overlay\"><\/div>\n\t\t\t\t\t\t<div class=\"elementor-shape elementor-shape-bottom\" data-negative=\"false\">\n\t\t\t<svg xmlns=\"http:\/\/www.w3.org\/2000\/svg\" viewBox=\"0 0 1000 100\" preserveAspectRatio=\"none\">\n\t<path class=\"elementor-shape-fill\" opacity=\"0.33\" d=\"M473,67.3c-203.9,88.3-263.1-34-320.3,0C66,119.1,0,59.7,0,59.7V0h1000v59.7 c0,0-62.1,26.1-94.9,29.3c-32.8,3.3-62.8-12.3-75.8-22.1C806,49.6,745.3,8.7,694.9,4.7S492.4,59,473,67.3z\"\/>\n\t<path class=\"elementor-shape-fill\" opacity=\"0.66\" d=\"M734,67.3c-45.5,0-77.2-23.2-129.1-39.1c-28.6-8.7-150.3-10.1-254,39.1 s-91.7-34.4-149.2,0C115.7,118.3,0,39.8,0,39.8V0h1000v36.5c0,0-28.2-18.5-92.1-18.5C810.2,18.1,775.7,67.3,734,67.3z\"\/>\n\t<path class=\"elementor-shape-fill\" d=\"M766.1,28.9c-200-57.5-266,65.5-395.1,19.5C242,1.8,242,5.4,184.8,20.6C128,35.8,132.3,44.9,89.9,52.5C28.6,63.7,0,0,0,0 h1000c0,0-9.9,40.9-83.6,48.1S829.6,47,766.1,28.9z\"\/>\n<\/svg>\t\t<\/div>\n\t\t\t\t\t<div class=\"elementor-container elementor-column-gap-default\">\n\t\t\t\t\t<div class=\"elementor-column elementor-col-50 elementor-top-column elementor-element elementor-element-273d08e\" data-id=\"273d08e\" data-element_type=\"column\">\n\t\t\t<div class=\"elementor-widget-wrap elementor-element-populated\">\n\t\t\t\t\t\t<div class=\"elementor-element elementor-element-412a4ad elementor-widget elementor-widget-heading\" data-id=\"412a4ad\" data-element_type=\"widget\" data-widget_type=\"heading.default\">\n\t\t\t\t<div class=\"elementor-widget-container\">\n\t\t\t<h2 class=\"elementor-heading-title elementor-size-default\">Questions Fr\u00e9quentes<\/h2>\t\t<\/div>\n\t\t\t\t<\/div>\n\t\t\t\t<div class=\"elementor-element elementor-element-e3407b9 elementor-widget elementor-widget-heading\" data-id=\"e3407b9\" data-element_type=\"widget\" data-widget_type=\"heading.default\">\n\t\t\t\t<div class=\"elementor-widget-container\">\n\t\t\t<h2 class=\"elementor-heading-title elementor-size-default\">FAQ<\/h2>\t\t<\/div>\n\t\t\t\t<\/div>\n\t\t\t\t\t<\/div>\n\t\t<\/div>\n\t\t\t\t<div class=\"elementor-column elementor-col-50 elementor-top-column elementor-element elementor-element-6d0058a\" data-id=\"6d0058a\" data-element_type=\"column\">\n\t\t\t<div class=\"elementor-widget-wrap\">\n\t\t\t\t\t\t\t<\/div>\n\t\t<\/div>\n\t\t\t\t\t<\/div>\n\t\t<\/section>\n\t\t\t\t<section class=\"elementor-section elementor-top-section elementor-element elementor-element-28eac0cd elementor-section-content-middle elementor-section-boxed elementor-section-height-default elementor-section-height-default\" data-id=\"28eac0cd\" data-element_type=\"section\">\n\t\t\t\t\t\t<div class=\"elementor-container elementor-column-gap-no\">\n\t\t\t\t\t<div class=\"elementor-column elementor-col-100 elementor-top-column elementor-element elementor-element-3f3a5554\" data-id=\"3f3a5554\" data-element_type=\"column\">\n\t\t\t<div class=\"elementor-widget-wrap elementor-element-populated\">\n\t\t\t\t\t\t<div class=\"elementor-element elementor-element-4c0a3669 elementor-widget elementor-widget-toggle\" data-id=\"4c0a3669\" data-element_type=\"widget\" data-widget_type=\"toggle.default\">\n\t\t\t\t<div class=\"elementor-widget-container\">\n\t\t\t\t\t<div class=\"elementor-toggle\">\n\t\t\t\t\t\t\t<div class=\"elementor-toggle-item\">\n\t\t\t\t\t<div id=\"elementor-tab-title-1271\" class=\"elementor-tab-title\" data-tab=\"1\" role=\"button\" aria-controls=\"elementor-tab-content-1271\" aria-expanded=\"false\">\n\t\t\t\t\t\t\t\t\t\t\t\t<span class=\"elementor-toggle-icon elementor-toggle-icon-right\" aria-hidden=\"true\">\n\t\t\t\t\t\t\t\t\t\t\t\t\t\t\t<span class=\"elementor-toggle-icon-closed\"><i class=\"fas fa-caret-right\"><\/i><\/span>\n\t\t\t\t\t\t\t\t<span class=\"elementor-toggle-icon-opened\"><i class=\"elementor-toggle-icon-opened fas fa-caret-up\"><\/i><\/span>\n\t\t\t\t\t\t\t\t\t\t\t\t\t<\/span>\n\t\t\t\t\t\t\t\t\t\t\t\t<a class=\"elementor-toggle-title\" tabindex=\"0\">Combien de temps faut-il pour produire un autovaccin ?<\/a>\n\t\t\t\t\t<\/div>\n\n\t\t\t\t\t<div id=\"elementor-tab-content-1271\" class=\"elementor-tab-content elementor-clearfix\" data-tab=\"1\" role=\"region\" aria-labelledby=\"elementor-tab-title-1271\"><p class=\"western\">La production d&rsquo;autovaccins d\u00e9pend de la formulation sp\u00e9cifique requise par le client, \u00e9tant donn\u00e9 que les diff\u00e9rentes bact\u00e9ries pr\u00e9sentent des processus et des temps de croissance diff\u00e9rents.<\/p>\n<p class=\"western\">En g\u00e9n\u00e9ral, le processus met environ 5-6 semaines \u00e0 se compl\u00e9ter.<\/p>\n<\/div>\n\t\t\t\t<\/div>\n\t\t\t\t\t\t\t\t<\/div>\n\t\t\t\t<\/div>\n\t\t\t\t<\/div>\n\t\t\t\t<div class=\"elementor-element elementor-element-314926cf elementor-widget elementor-widget-toggle\" data-id=\"314926cf\" data-element_type=\"widget\" data-widget_type=\"toggle.default\">\n\t\t\t\t<div class=\"elementor-widget-container\">\n\t\t\t\t\t<div class=\"elementor-toggle\">\n\t\t\t\t\t\t\t<div class=\"elementor-toggle-item\">\n\t\t\t\t\t<div id=\"elementor-tab-title-8261\" class=\"elementor-tab-title\" data-tab=\"1\" role=\"button\" aria-controls=\"elementor-tab-content-8261\" aria-expanded=\"false\">\n\t\t\t\t\t\t\t\t\t\t\t\t<span class=\"elementor-toggle-icon elementor-toggle-icon-right\" aria-hidden=\"true\">\n\t\t\t\t\t\t\t\t\t\t\t\t\t\t\t<span class=\"elementor-toggle-icon-closed\"><i class=\"fas fa-caret-right\"><\/i><\/span>\n\t\t\t\t\t\t\t\t<span class=\"elementor-toggle-icon-opened\"><i class=\"elementor-toggle-icon-opened fas fa-caret-up\"><\/i><\/span>\n\t\t\t\t\t\t\t\t\t\t\t\t\t<\/span>\n\t\t\t\t\t\t\t\t\t\t\t\t<a class=\"elementor-toggle-title\" tabindex=\"0\">Combien de temps dure l\u2019immunit\u00e9 ?<\/a>\n\t\t\t\t\t<\/div>\n\n\t\t\t\t\t<div id=\"elementor-tab-content-8261\" class=\"elementor-tab-content elementor-clearfix\" data-tab=\"1\" role=\"region\" aria-labelledby=\"elementor-tab-title-8261\"><p class=\"western\">Diff\u00e9rents facteurs tels que la grande diversit\u00e9 des syst\u00e8mes aquatiques, la variabilit\u00e9 de la r\u00e9ponse entre diff\u00e9rentes esp\u00e8ces ou entre animaux d\u2019une m\u00eame esp\u00e8ce \u00e0 diff\u00e9rents stades de production ou l&rsquo;immunog\u00e9nicit\u00e9 intrins\u00e8que de chaque esp\u00e8ce avec laquelle les autovaccins sont fabriqu\u00e9s conditionnent le r\u00e9sultat final.<\/p>\n<p class=\"western\">Ainsi, le param\u00e8tre DOI (Duration of Immunity) inh\u00e9rent \u00e0 chaque formulation ou processus de vaccination peut varier de mani\u00e8re significative et il est pratiquement impossible de pr\u00e9voir l&rsquo;\u00e9volution de la r\u00e9ponse immunitaire. Cependant, il existe certaines g\u00e9n\u00e9ralit\u00e9s qui peuvent aider \u00e0 la d\u00e9finition de protocoles de vaccination :<\/p>\n<ul>\n<li>\n<p class=\"western\"><b>La<\/b><b>voie d\u2019administration<\/b> Les vaccins par immersion produisent une r\u00e9ponse principalement au niveau des muqueuses, moins durable et donc moins efficace que l&rsquo;injection intrap\u00e9riton\u00e9ale. Aujourd&rsquo;hui, les formulations appliqu\u00e9es par immersion ou par voie orale sont consid\u00e9r\u00e9es efficaces comme renfort ou rappel.<\/p>\n<\/li>\n<li>\n<p class=\"western\"><b>La formulation des vaccins<\/b> La r\u00e9ponse immunitaire humorale sp\u00e9cifique <b>est retard\u00e9e<\/b> apr\u00e8s l&rsquo;injection d&rsquo;un vaccin huileux par rapport \u00e0 l&rsquo;administration de formulations aqueuses et d&rsquo;hydrogels, mais une fois produite, cette r\u00e9ponse est <b>plus intense<\/b> et peut durer jusqu&rsquo;\u00e0 8 mois. Cependant, les formulations en \u00e9mulsion produisent une premi\u00e8re r\u00e9ponse inflammatoire massive plus s\u00e9v\u00e8re que les bact\u00e9ries aqueuses.<\/p>\n<\/li>\n<li>\n<p class=\"western\"><b>En aquaculture continentale<\/b>, la r\u00e9ponse primaire apr\u00e8s la vaccination de poissons naive par injection appara\u00eet \u00e0 partir de la quatri\u00e8me ou cinqui\u00e8me semaine post-vaccination, en fonction de la temp\u00e9rature de l&rsquo;eau. Cette r\u00e9ponse poss\u00e8de une dur\u00e9e limit\u00e9e d&rsquo;environ 3 mois, apr\u00e8s lesquels il est conseill\u00e9 d&rsquo;effectuer un rappel. La r\u00e9ponse secondaire est plus rapide, plus intense et peut \u00eatre maintenue de 6 \u00e0 8 mois apr\u00e8s la vaccination.<\/p>\n<\/li>\n<\/ul>\n<\/div>\n\t\t\t\t<\/div>\n\t\t\t\t\t\t\t\t<\/div>\n\t\t\t\t<\/div>\n\t\t\t\t<\/div>\n\t\t\t\t<div class=\"elementor-element elementor-element-4a6a1b93 elementor-widget elementor-widget-toggle\" data-id=\"4a6a1b93\" data-element_type=\"widget\" data-widget_type=\"toggle.default\">\n\t\t\t\t<div class=\"elementor-widget-container\">\n\t\t\t\t\t<div class=\"elementor-toggle\">\n\t\t\t\t\t\t\t<div class=\"elementor-toggle-item\">\n\t\t\t\t\t<div id=\"elementor-tab-title-1241\" class=\"elementor-tab-title\" data-tab=\"1\" role=\"button\" aria-controls=\"elementor-tab-content-1241\" aria-expanded=\"false\">\n\t\t\t\t\t\t\t\t\t\t\t\t<span class=\"elementor-toggle-icon elementor-toggle-icon-right\" aria-hidden=\"true\">\n\t\t\t\t\t\t\t\t\t\t\t\t\t\t\t<span class=\"elementor-toggle-icon-closed\"><i class=\"fas fa-caret-right\"><\/i><\/span>\n\t\t\t\t\t\t\t\t<span class=\"elementor-toggle-icon-opened\"><i class=\"elementor-toggle-icon-opened fas fa-caret-up\"><\/i><\/span>\n\t\t\t\t\t\t\t\t\t\t\t\t\t<\/span>\n\t\t\t\t\t\t\t\t\t\t\t\t<a class=\"elementor-toggle-title\" tabindex=\"0\">Un adjuvant aqueux ou huileux est-il pr\u00e9f\u00e9rable ?<\/a>\n\t\t\t\t\t<\/div>\n\n\t\t\t\t\t<div id=\"elementor-tab-content-1241\" class=\"elementor-tab-content elementor-clearfix\" data-tab=\"1\" role=\"region\" aria-labelledby=\"elementor-tab-title-1241\"><p class=\"western\">Le choix de l&rsquo;adjuvant d\u00e9pend de la pression dans chaque installation et des caract\u00e9ristiques du syst\u00e8me de production.<\/p>\n<p class=\"western\">Les adjuvants huileux peuvent contribuer au contr\u00f4le de pathog\u00e8nes end\u00e9miques dans des situations \u00e0 haut risque et constituent g\u00e9n\u00e9ralement l&rsquo;option la plus adapt\u00e9e dans les installations avec des r\u00e9cidives fr\u00e9quentes et associ\u00e9es \u00e0 des agents pathog\u00e8nes qui ne r\u00e9pondent pas \u00e0 l&rsquo;antibioth\u00e9rapie. En outre, si le cycle de production est long, l&rsquo;application de formulations sous forme d\u2019\u00e9mulsion peut contribuer \u00e0 maintenir un bon \u00e9tat sanitaire pendant la plupart du cycle.<\/p>\n<p class=\"western\">Toutefois, l&rsquo;administration d&rsquo;\u00e9mulsions implique un risque plus \u00e9lev\u00e9, tant pour le vaccinateur que pour l&rsquo;animal, et des effets secondaires peuvent se produire chez ce dernier sous forme de granulomes, adh\u00e9rences, congestion d&rsquo;organes et micro-pigmentations.<\/p>\n<p class=\"western\">Les salmonid\u00e9s sont particuli\u00e8rement sensibles aux formulations huileuses et leur utilisation n&rsquo;est pas recommand\u00e9e chez les animaux reproducteurs de ces esp\u00e8ces continentales.<\/p>\n<p class=\"western\">Dans les installations o\u00f9 la pression est plus faible, avec des productions \u00e0 court terme ou des esp\u00e8ces plus sensibles, il est recommand\u00e9 d&rsquo;utiliser un adjuvant aqueux.<\/p>\n<\/div>\n\t\t\t\t<\/div>\n\t\t\t\t\t\t\t\t<\/div>\n\t\t\t\t<\/div>\n\t\t\t\t<\/div>\n\t\t\t\t<div class=\"elementor-element elementor-element-61c619b8 elementor-widget elementor-widget-toggle\" data-id=\"61c619b8\" data-element_type=\"widget\" data-widget_type=\"toggle.default\">\n\t\t\t\t<div class=\"elementor-widget-container\">\n\t\t\t\t\t<div class=\"elementor-toggle\">\n\t\t\t\t\t\t\t<div class=\"elementor-toggle-item\">\n\t\t\t\t\t<div id=\"elementor-tab-title-1641\" class=\"elementor-tab-title\" data-tab=\"1\" role=\"button\" aria-controls=\"elementor-tab-content-1641\" aria-expanded=\"false\">\n\t\t\t\t\t\t\t\t\t\t\t\t<span class=\"elementor-toggle-icon elementor-toggle-icon-right\" aria-hidden=\"true\">\n\t\t\t\t\t\t\t\t\t\t\t\t\t\t\t<span class=\"elementor-toggle-icon-closed\"><i class=\"fas fa-caret-right\"><\/i><\/span>\n\t\t\t\t\t\t\t\t<span class=\"elementor-toggle-icon-opened\"><i class=\"elementor-toggle-icon-opened fas fa-caret-up\"><\/i><\/span>\n\t\t\t\t\t\t\t\t\t\t\t\t\t<\/span>\n\t\t\t\t\t\t\t\t\t\t\t\t<a class=\"elementor-toggle-title\" tabindex=\"0\">L'effet d'un vaccin est-il moins important lorsque le nombre de valences est augment\u00e9 ? <\/a>\n\t\t\t\t\t<\/div>\n\n\t\t\t\t\t<div id=\"elementor-tab-content-1641\" class=\"elementor-tab-content elementor-clearfix\" data-tab=\"1\" role=\"region\" aria-labelledby=\"elementor-tab-title-1641\"><p class=\"western\">Des \u00e9tudes r\u00e9centes montrent que l&rsquo;efficacit\u00e9 des diff\u00e9rentes valences diminue au fur et \u00e0 mesure que le nombre de valences d\u2019un vaccin se multiplie.<\/p>\n<p class=\"western\">Il est donc important de disposer de l&rsquo;avis d&rsquo;un expert pour d\u00e9terminer la formulation appropri\u00e9e en fonction des besoins de l&rsquo;installation, des \u00e9pid\u00e9mies pr\u00e9c\u00e9dentes et d&rsquo;une \u00e9ventuelle concurrence antig\u00e9nique entre les valences d&rsquo;un vaccin.<\/p><\/p>\n<\/div>\n\t\t\t\t<\/div>\n\t\t\t\t\t\t\t\t<\/div>\n\t\t\t\t<\/div>\n\t\t\t\t<\/div>\n\t\t\t\t<div class=\"elementor-element elementor-element-4abb573 elementor-widget elementor-widget-toggle\" data-id=\"4abb573\" data-element_type=\"widget\" data-widget_type=\"toggle.default\">\n\t\t\t\t<div class=\"elementor-widget-container\">\n\t\t\t\t\t<div class=\"elementor-toggle\">\n\t\t\t\t\t\t\t<div class=\"elementor-toggle-item\">\n\t\t\t\t\t<div id=\"elementor-tab-title-7831\" class=\"elementor-tab-title\" data-tab=\"1\" role=\"button\" aria-controls=\"elementor-tab-content-7831\" aria-expanded=\"false\">\n\t\t\t\t\t\t\t\t\t\t\t\t<span class=\"elementor-toggle-icon elementor-toggle-icon-right\" aria-hidden=\"true\">\n\t\t\t\t\t\t\t\t\t\t\t\t\t\t\t<span class=\"elementor-toggle-icon-closed\"><i class=\"fas fa-caret-right\"><\/i><\/span>\n\t\t\t\t\t\t\t\t<span class=\"elementor-toggle-icon-opened\"><i class=\"elementor-toggle-icon-opened fas fa-caret-up\"><\/i><\/span>\n\t\t\t\t\t\t\t\t\t\t\t\t\t<\/span>\n\t\t\t\t\t\t\t\t\t\t\t\t<a class=\"elementor-toggle-title\" tabindex=\"0\">Apr\u00e8s la vaccination, combien de temps dois-je attendre pour transporter les poissons ? <\/a>\n\t\t\t\t\t<\/div>\n\n\t\t\t\t\t<div id=\"elementor-tab-content-7831\" class=\"elementor-tab-content elementor-clearfix\" data-tab=\"1\" role=\"region\" aria-labelledby=\"elementor-tab-title-7831\"><p class=\"western\">Apr\u00e8s le stress associ\u00e9 \u00e0 la manipulation et la r\u00e9ponse pro-inflammatoire caus\u00e9e par le vaccin, il est conseill\u00e9 de respecter une p\u00e9riode de 350 degr\u00e9s\/jour avant de d\u00e9placer les animaux.<\/p>\n<p class=\"western\">C&rsquo;est \u00e9galement la p\u00e9riode approximative pendant laquelle un vaccin produit un niveau significatif de r\u00e9ponse immunitaire, et donc une protection sp\u00e9cifique.<\/p>\n<p class=\"western\">L&rsquo;attente entre deux vaccinations serait du m\u00eame ordre.<\/p><\/p>\n<\/div>\n\t\t\t\t<\/div>\n\t\t\t\t\t\t\t\t<\/div>\n\t\t\t\t<\/div>\n\t\t\t\t<\/div>\n\t\t\t\t<div class=\"elementor-element elementor-element-7b1463b elementor-widget elementor-widget-toggle\" data-id=\"7b1463b\" data-element_type=\"widget\" data-widget_type=\"toggle.default\">\n\t\t\t\t<div class=\"elementor-widget-container\">\n\t\t\t\t\t<div class=\"elementor-toggle\">\n\t\t\t\t\t\t\t<div class=\"elementor-toggle-item\">\n\t\t\t\t\t<div id=\"elementor-tab-title-1291\" class=\"elementor-tab-title\" data-tab=\"1\" role=\"button\" aria-controls=\"elementor-tab-content-1291\" aria-expanded=\"false\">\n\t\t\t\t\t\t\t\t\t\t\t\t<span class=\"elementor-toggle-icon elementor-toggle-icon-right\" aria-hidden=\"true\">\n\t\t\t\t\t\t\t\t\t\t\t\t\t\t\t<span class=\"elementor-toggle-icon-closed\"><i class=\"fas fa-caret-right\"><\/i><\/span>\n\t\t\t\t\t\t\t\t<span class=\"elementor-toggle-icon-opened\"><i class=\"elementor-toggle-icon-opened fas fa-caret-up\"><\/i><\/span>\n\t\t\t\t\t\t\t\t\t\t\t\t\t<\/span>\n\t\t\t\t\t\t\t\t\t\t\t\t<a class=\"elementor-toggle-title\" tabindex=\"0\">Quelle est la taille id\u00e9ale pour la vaccination ? Bain et injection.<\/a>\n\t\t\t\t\t<\/div>\n\n\t\t\t\t\t<div id=\"elementor-tab-content-1291\" class=\"elementor-tab-content elementor-clearfix\" data-tab=\"1\" role=\"region\" aria-labelledby=\"elementor-tab-title-1291\"><p class=\"western\">Lorsque nous d\u00e9finissons la taille id\u00e9ale pour la vaccination, nous devons analyser le syst\u00e8me de production de l&rsquo;installation pour d\u00e9terminer le moment optimal. Le moment id\u00e9al pour la vaccination est d\u00e9fini en consid\u00e9rant le moment o\u00f9 les poissons sont immunocomp\u00e9tents et l\u2019\u00e9poque de risque d&rsquo;\u00e9pid\u00e9mie.<\/p>\n<p class=\"western\">La vaccination intervient une fois que le poisson poss\u00e8de un syst\u00e8me immunitaire totalement d\u00e9velopp\u00e9 et avant d&rsquo;atteindre la p\u00e9riode o\u00f9 les \u00e9pid\u00e9mies se produisent habituellement dans les installations. Des facteurs tels que la temp\u00e9rature, les ressources aqueuses ou le cycle de production d\u00e9terminent la d\u00e9cision du moment de la vaccination.<\/p>\n<\/div>\n\t\t\t\t<\/div>\n\t\t\t\t\t\t\t\t<\/div>\n\t\t\t\t<\/div>\n\t\t\t\t<\/div>\n\t\t\t\t\t<\/div>\n\t\t<\/div>\n\t\t\t\t\t<\/div>\n\t\t<\/section>\n\t\t\t\t<\/div>\n\t\t","protected":false},"excerpt":{"rendered":"<p>Questions Fr\u00e9quentes FAQ Combien de temps faut-il pour produire un autovaccin ? La production d&#8217;autovaccins d\u00e9pend de la formulation sp\u00e9cifique requise par le client, \u00e9tant donn\u00e9 que les diff\u00e9rentes bact\u00e9ries pr\u00e9sentent des processus et des temps de croissance diff\u00e9rents. En g\u00e9n\u00e9ral, le processus met environ 5-6 semaines \u00e0 se compl\u00e9ter. Combien de temps dure l\u2019immunit\u00e9 [&hellip;]<\/p>\n","protected":false},"author":1,"featured_media":0,"parent":0,"menu_order":0,"comment_status":"closed","ping_status":"closed","template":"","meta":{"_acf_changed":false,"footnotes":""},"class_list":["post-3199","page","type-page","status-publish","hentry"],"acf":[],"_links":{"self":[{"href":"https:\/\/www.acuipharma.com\/fr\/wp-json\/wp\/v2\/pages\/3199","targetHints":{"allow":["GET"]}}],"collection":[{"href":"https:\/\/www.acuipharma.com\/fr\/wp-json\/wp\/v2\/pages"}],"about":[{"href":"https:\/\/www.acuipharma.com\/fr\/wp-json\/wp\/v2\/types\/page"}],"author":[{"embeddable":true,"href":"https:\/\/www.acuipharma.com\/fr\/wp-json\/wp\/v2\/users\/1"}],"replies":[{"embeddable":true,"href":"https:\/\/www.acuipharma.com\/fr\/wp-json\/wp\/v2\/comments?post=3199"}],"version-history":[{"count":11,"href":"https:\/\/www.acuipharma.com\/fr\/wp-json\/wp\/v2\/pages\/3199\/revisions"}],"predecessor-version":[{"id":3742,"href":"https:\/\/www.acuipharma.com\/fr\/wp-json\/wp\/v2\/pages\/3199\/revisions\/3742"}],"wp:attachment":[{"href":"https:\/\/www.acuipharma.com\/fr\/wp-json\/wp\/v2\/media?parent=3199"}],"curies":[{"name":"wp","href":"https:\/\/api.w.org\/{rel}","templated":true}]}}